{"id":999,"date":"2025-10-18T08:18:54","date_gmt":"2025-10-18T07:18:54","guid":{"rendered":"https:\/\/djosstourevent.wpenginepowered.com\/experiencias-viajes\/"},"modified":"2026-02-15T15:18:53","modified_gmt":"2026-02-15T14:18:53","slug":"experiencias-viajes","status":"publish","type":"page","link":"https:\/\/djosstourevent.com\/es\/experiencias-viajes\/","title":{"rendered":"Experiencias\/Viajes"},"content":{"rendered":"\t\t<div data-elementor-type=\"wp-page\" data-elementor-id=\"999\" class=\"elementor elementor-999 elementor-2\">\n\t\t\t\t<div class=\"elementor-element elementor-element-7ee621f e-flex e-con-boxed e-con e-parent\" data-id=\"7ee621f\" data-element_type=\"container\" data-e-type=\"container\">\n\t\t\t\t\t<div class=\"e-con-inner\">\n\t\t\t\t<div class=\"elementor-element elementor-element-cac19fa elementor-widget elementor-widget-image\" data-id=\"cac19fa\" data-element_type=\"widget\" data-e-type=\"widget\" data-widget_type=\"image.default\">\n\t\t\t\t<div class=\"elementor-widget-container\">\n\t\t\t\t\t\t\t\t\t\t\t\t\t\t\t<img fetchpriority=\"high\" decoding=\"async\" width=\"1024\" height=\"352\" src=\"https:\/\/djosstourevent.com\/wp-content\/uploads\/2025\/10\/benin-1-1024x352.jpg\" class=\"attachment-large size-large wp-image-1001\" alt=\"Eventos y Viajes Tours Ben\u00edn Experiencia Turismo\" srcset=\"https:\/\/djosstourevent.com\/wp-content\/uploads\/2025\/10\/benin-1-1024x352.jpg 1024w, https:\/\/djosstourevent.com\/wp-content\/uploads\/2025\/10\/benin-1-600x206.jpg 600w, https:\/\/djosstourevent.com\/wp-content\/uploads\/2025\/10\/benin-1-300x103.jpg 300w, https:\/\/djosstourevent.com\/wp-content\/uploads\/2025\/10\/benin-1-768x264.jpg 768w, https:\/\/djosstourevent.com\/wp-content\/uploads\/2025\/10\/benin-1.jpg 1520w\" sizes=\"(max-width: 1024px) 100vw, 1024px\" \/>\t\t\t\t\t\t\t\t\t\t\t\t\t\t\t<\/div>\n\t\t\t\t<\/div>\n\t\t\t\t<div class=\"elementor-element elementor-element-d67487c elementor-widget elementor-widget-heading\" data-id=\"d67487c\" data-element_type=\"widget\" data-e-type=\"widget\" data-widget_type=\"heading.default\">\n\t\t\t\t<div class=\"elementor-widget-container\">\n\t\t\t\t\t<h5 class=\"elementor-heading-title elementor-size-default\">Descubra Ben\u00edn como nunca lo hab\u00eda imaginado.\nEn un momento en que el turismo mundial se repite entre playas estandarizadas y circuitos sin alma, Djosstour le abre las puertas a un universo vivo, m\u00edstico y profundamente aut\u00e9ntico: el <b>pa\u00eds del VODUN<\/b>. Aqu\u00ed, cada lugar, cada sonrisa, cada ritmo de tambor porta una memoria ancestral y una energ\u00eda que no se encuentra en ning\u00fan otro lugar.<br>Nuestras experiencias son m\u00e1s que un simple viaje: son iniciaciones sensoriales y espirituales en el coraz\u00f3n de la cuna africana. No mirar\u00e1 Ben\u00edn, lo sentir\u00e1: en la danza de los Egungun, la fuerza de los bosques sagrados, el calor de los mercados coloridos y la sabidur\u00eda de las tradiciones que han atravesado los siglos.\n\nEn Djosstour, creemos que el verdadero lujo es la experiencia humana aut\u00e9ntica.\nExplore nuestros paquetes exclusivos y d\u00e9jese guiar hacia el \u00c1frica de los or\u00edgenes, la que se vive, se respira y se celebra en cada instante.<\/h5>\t\t\t\t<\/div>\n\t\t\t\t<\/div>\n\t\t\t\t\t<\/div>\n\t\t\t\t<\/div>\n\t\t\t\t<\/div>\n\t\t","protected":false},"excerpt":{"rendered":"<p>Descubra Ben\u00edn como nunca lo hab\u00eda imaginado. En un momento en que el turismo mundial se repite entre playas estandarizadas y circuitos sin alma, Djosstour le abre las puertas a un universo vivo, m\u00edstico y profundamente aut\u00e9ntico: el pa\u00eds del VODUN. Aqu\u00ed, cada lugar, cada sonrisa, cada ritmo de tambor porta una memoria ancestral y [&hellip;]<\/p>\n","protected":false},"author":1,"featured_media":0,"parent":0,"menu_order":0,"comment_status":"closed","ping_status":"closed","template":"","meta":{"site-sidebar-layout":"default","site-content-layout":"","ast-site-content-layout":"default","site-content-style":"default","site-sidebar-style":"default","ast-global-header-display":"","ast-banner-title-visibility":"","ast-main-header-display":"","ast-hfb-above-header-display":"","ast-hfb-below-header-display":"","ast-hfb-mobile-header-display":"","site-post-title":"","ast-breadcrumbs-content":"","ast-featured-img":"","footer-sml-layout":"","ast-disable-related-posts":"","theme-transparent-header-meta":"","adv-header-id-meta":"","stick-header-meta":"","header-above-stick-meta":"","header-main-stick-meta":"","header-below-stick-meta":"","astra-migrate-meta-layouts":"default","ast-page-background-enabled":"default","ast-page-background-meta":{"desktop":{"background-color":"","background-image":"","background-repeat":"repeat","background-position":"center center","background-size":"auto","background-attachment":"scroll","background-type":"","background-media":"","overlay-type":"","overlay-color":"","overlay-opacity":"","overlay-gradient":""},"tablet":{"background-color":"","background-image":"","background-repeat":"repeat","background-position":"center center","background-size":"auto","background-attachment":"scroll","background-type":"","background-media":"","overlay-type":"","overlay-color":"","overlay-opacity":"","overlay-gradient":""},"mobile":{"background-color":"","background-image":"","background-repeat":"repeat","background-position":"center center","background-size":"auto","background-attachment":"scroll","background-type":"","background-media":"","overlay-type":"","overlay-color":"","overlay-opacity":"","overlay-gradient":""}},"ast-content-background-meta":{"desktop":{"background-color":"var(--ast-global-color-5)","background-image":"","background-repeat":"repeat","background-position":"center center","background-size":"auto","background-attachment":"scroll","background-type":"","background-media":"","overlay-type":"","overlay-color":"","overlay-opacity":"","overlay-gradient":""},"tablet":{"background-color":"var(--ast-global-color-5)","background-image":"","background-repeat":"repeat","background-position":"center center","background-size":"auto","background-attachment":"scroll","background-type":"","background-media":"","overlay-type":"","overlay-color":"","overlay-opacity":"","overlay-gradient":""},"mobile":{"background-color":"var(--ast-global-color-5)","background-image":"","background-repeat":"repeat","background-position":"center center","background-size":"auto","background-attachment":"scroll","background-type":"","background-media":"","overlay-type":"","overlay-color":"","overlay-opacity":"","overlay-gradient":""}},"footnotes":""},"class_list":["post-999","page","type-page","status-publish","hentry"],"yoast_head":"<!-- This site is optimized with the Yoast SEO plugin v27.4 - https:\/\/yoast.com\/product\/yoast-seo-wordpress\/ -->\n<title>Ben\u00edn Experiencia Turismo - Viajes Djosstour Event<\/title>\n<meta name=\"description\" content=\"Ben\u00edn Experiencia Turismo con Djosstour Event: eventos y viajes aut\u00e9nticos, descubrimientos culturales y experiencias \u00fanicas.\" \/>\n<meta name=\"robots\" content=\"index, follow, max-snippet:-1, max-image-preview:large, max-video-preview:-1\" \/>\n<link rel=\"canonical\" href=\"https:\/\/djosstourevent.com\/es\/experiencias-viajes\/\" \/>\n<meta property=\"og:locale\" content=\"es_ES\" \/>\n<meta property=\"og:type\" content=\"article\" \/>\n<meta property=\"og:title\" content=\"Ben\u00edn Experiencia Turismo - Viajes Djosstour Event\" \/>\n<meta property=\"og:description\" content=\"Ben\u00edn Experiencia Turismo con Djosstour Event: eventos y viajes aut\u00e9nticos, descubrimientos culturales y experiencias \u00fanicas.\" \/>\n<meta property=\"og:url\" content=\"https:\/\/djosstourevent.com\/es\/experiencias-viajes\/\" \/>\n<meta property=\"og:site_name\" content=\"DJOSSTOUR EVENT\" \/>\n<meta property=\"article:publisher\" content=\"https:\/\/www.facebook.com\/profile.php?id=61582422941550&amp;mibextid=wwXIfr&amp;rdid=k4tyv6bTb7itgLbI&amp;share_url=httpswww.facebook.comshare1FeTdsxMuzmibextidwwXIfr#\" \/>\n<meta property=\"article:modified_time\" content=\"2026-02-15T14:18:53+00:00\" \/>\n<meta property=\"og:image\" content=\"https:\/\/djosstourevent.com\/wp-content\/uploads\/2025\/10\/benin-1.jpg\" \/>\n\t<meta property=\"og:image:width\" content=\"1520\" \/>\n\t<meta property=\"og:image:height\" content=\"522\" \/>\n\t<meta property=\"og:image:type\" content=\"image\/jpeg\" \/>\n<meta name=\"twitter:card\" content=\"summary_large_image\" \/>\n<meta name=\"twitter:site\" content=\"@djosstour_event\" \/>\n<meta name=\"twitter:label1\" content=\"Tiempo de lectura\" \/>\n\t<meta name=\"twitter:data1\" content=\"1 minuto\" \/>\n<script type=\"application\/ld+json\" class=\"yoast-schema-graph\">{\"@context\":\"https:\\\/\\\/schema.org\",\"@graph\":[{\"@type\":\"WebPage\",\"@id\":\"https:\\\/\\\/djosstourevent.com\\\/es\\\/experiencias-viajes\\\/\",\"url\":\"https:\\\/\\\/djosstourevent.com\\\/es\\\/experiencias-viajes\\\/\",\"name\":\"Ben\u00edn Experiencia Turismo - Viajes Djosstour Event\",\"isPartOf\":{\"@id\":\"https:\\\/\\\/djosstourevent.com\\\/es\\\/#website\"},\"primaryImageOfPage\":{\"@id\":\"https:\\\/\\\/djosstourevent.com\\\/es\\\/experiencias-viajes\\\/#primaryimage\"},\"image\":{\"@id\":\"https:\\\/\\\/djosstourevent.com\\\/es\\\/experiencias-viajes\\\/#primaryimage\"},\"thumbnailUrl\":\"https:\\\/\\\/djosstourevent.com\\\/wp-content\\\/uploads\\\/2025\\\/10\\\/benin-1-1024x352.jpg\",\"datePublished\":\"2025-10-18T07:18:54+00:00\",\"dateModified\":\"2026-02-15T14:18:53+00:00\",\"description\":\"Ben\u00edn Experiencia Turismo con Djosstour Event: eventos y viajes aut\u00e9nticos, descubrimientos culturales y experiencias \u00fanicas.\",\"breadcrumb\":{\"@id\":\"https:\\\/\\\/djosstourevent.com\\\/es\\\/experiencias-viajes\\\/#breadcrumb\"},\"inLanguage\":\"es\",\"potentialAction\":[{\"@type\":\"ReadAction\",\"target\":[\"https:\\\/\\\/djosstourevent.com\\\/es\\\/experiencias-viajes\\\/\"]}]},{\"@type\":\"ImageObject\",\"inLanguage\":\"es\",\"@id\":\"https:\\\/\\\/djosstourevent.com\\\/es\\\/experiencias-viajes\\\/#primaryimage\",\"url\":\"https:\\\/\\\/djosstourevent.com\\\/wp-content\\\/uploads\\\/2025\\\/10\\\/benin-1-1024x352.jpg\",\"contentUrl\":\"https:\\\/\\\/djosstourevent.com\\\/wp-content\\\/uploads\\\/2025\\\/10\\\/benin-1-1024x352.jpg\"},{\"@type\":\"BreadcrumbList\",\"@id\":\"https:\\\/\\\/djosstourevent.com\\\/es\\\/experiencias-viajes\\\/#breadcrumb\",\"itemListElement\":[{\"@type\":\"ListItem\",\"position\":1,\"name\":\"Home\",\"item\":\"https:\\\/\\\/djosstourevent.com\\\/es\\\/inicio\\\/\"},{\"@type\":\"ListItem\",\"position\":2,\"name\":\"Experiencias\\\/Viajes\"}]},{\"@type\":\"WebSite\",\"@id\":\"https:\\\/\\\/djosstourevent.com\\\/es\\\/#website\",\"url\":\"https:\\\/\\\/djosstourevent.com\\\/es\\\/\",\"name\":\"Djosstour Event\",\"description\":\"Vivez L\u2019Afrique, Une Exp\u00e9rience Touristique Authentique\",\"publisher\":{\"@id\":\"https:\\\/\\\/djosstourevent.com\\\/es\\\/#organization\"},\"alternateName\":\"Djosstour Event\",\"potentialAction\":[{\"@type\":\"SearchAction\",\"target\":{\"@type\":\"EntryPoint\",\"urlTemplate\":\"https:\\\/\\\/djosstourevent.com\\\/es\\\/?s={search_term_string}\"},\"query-input\":{\"@type\":\"PropertyValueSpecification\",\"valueRequired\":true,\"valueName\":\"search_term_string\"}}],\"inLanguage\":\"es\"},{\"@type\":\"Organization\",\"@id\":\"https:\\\/\\\/djosstourevent.com\\\/es\\\/#organization\",\"name\":\"Djosstour Event Tourism\",\"alternateName\":\"Djosstour Event\",\"url\":\"https:\\\/\\\/djosstourevent.com\\\/es\\\/\",\"logo\":{\"@type\":\"ImageObject\",\"inLanguage\":\"es\",\"@id\":\"https:\\\/\\\/djosstourevent.com\\\/es\\\/#\\\/schema\\\/logo\\\/image\\\/\",\"url\":\"https:\\\/\\\/djosstourevent.com\\\/wp-content\\\/uploads\\\/2025\\\/10\\\/logo-1.jpeg\",\"contentUrl\":\"https:\\\/\\\/djosstourevent.com\\\/wp-content\\\/uploads\\\/2025\\\/10\\\/logo-1.jpeg\",\"width\":640,\"height\":640,\"caption\":\"Djosstour Event Tourism\"},\"image\":{\"@id\":\"https:\\\/\\\/djosstourevent.com\\\/es\\\/#\\\/schema\\\/logo\\\/image\\\/\"},\"sameAs\":[\"https:\\\/\\\/www.facebook.com\\\/profile.php?id=61582422941550&mibextid=wwXIfr&rdid=k4tyv6bTb7itgLbI&share_url=httpswww.facebook.comshare1FeTdsxMuzmibextidwwXIfr#\",\"https:\\\/\\\/x.com\\\/djosstour_event\",\"https:\\\/\\\/www.instagram.com\\\/djosstour_event_sarl?igsh=M3dkbmp1ZGZ3YzQy&utm_source=qr\",\"https:\\\/\\\/www.tiktok.com\\\/@djosstour.event.s?_t=ZN-90xq1sSNwqE&_r=1\"]}]}<\/script>\n<!-- \/ Yoast SEO plugin. -->","yoast_head_json":{"title":"Ben\u00edn Experiencia Turismo - Viajes Djosstour Event","description":"Ben\u00edn Experiencia Turismo con Djosstour Event: eventos y viajes aut\u00e9nticos, descubrimientos culturales y experiencias \u00fanicas.","robots":{"index":"index","follow":"follow","max-snippet":"max-snippet:-1","max-image-preview":"max-image-preview:large","max-video-preview":"max-video-preview:-1"},"canonical":"https:\/\/djosstourevent.com\/es\/experiencias-viajes\/","og_locale":"es_ES","og_type":"article","og_title":"Ben\u00edn Experiencia Turismo - Viajes Djosstour Event","og_description":"Ben\u00edn Experiencia Turismo con Djosstour Event: eventos y viajes aut\u00e9nticos, descubrimientos culturales y experiencias \u00fanicas.","og_url":"https:\/\/djosstourevent.com\/es\/experiencias-viajes\/","og_site_name":"DJOSSTOUR EVENT","article_publisher":"https:\/\/www.facebook.com\/profile.php?id=61582422941550&mibextid=wwXIfr&rdid=k4tyv6bTb7itgLbI&share_url=httpswww.facebook.comshare1FeTdsxMuzmibextidwwXIfr#","article_modified_time":"2026-02-15T14:18:53+00:00","og_image":[{"width":1520,"height":522,"url":"https:\/\/djosstourevent.com\/wp-content\/uploads\/2025\/10\/benin-1.jpg","type":"image\/jpeg"}],"twitter_card":"summary_large_image","twitter_site":"@djosstour_event","twitter_misc":{"Tiempo de lectura":"1 minuto"},"schema":{"@context":"https:\/\/schema.org","@graph":[{"@type":"WebPage","@id":"https:\/\/djosstourevent.com\/es\/experiencias-viajes\/","url":"https:\/\/djosstourevent.com\/es\/experiencias-viajes\/","name":"Ben\u00edn Experiencia Turismo - Viajes Djosstour Event","isPartOf":{"@id":"https:\/\/djosstourevent.com\/es\/#website"},"primaryImageOfPage":{"@id":"https:\/\/djosstourevent.com\/es\/experiencias-viajes\/#primaryimage"},"image":{"@id":"https:\/\/djosstourevent.com\/es\/experiencias-viajes\/#primaryimage"},"thumbnailUrl":"https:\/\/djosstourevent.com\/wp-content\/uploads\/2025\/10\/benin-1-1024x352.jpg","datePublished":"2025-10-18T07:18:54+00:00","dateModified":"2026-02-15T14:18:53+00:00","description":"Ben\u00edn Experiencia Turismo con Djosstour Event: eventos y viajes aut\u00e9nticos, descubrimientos culturales y experiencias \u00fanicas.","breadcrumb":{"@id":"https:\/\/djosstourevent.com\/es\/experiencias-viajes\/#breadcrumb"},"inLanguage":"es","potentialAction":[{"@type":"ReadAction","target":["https:\/\/djosstourevent.com\/es\/experiencias-viajes\/"]}]},{"@type":"ImageObject","inLanguage":"es","@id":"https:\/\/djosstourevent.com\/es\/experiencias-viajes\/#primaryimage","url":"https:\/\/djosstourevent.com\/wp-content\/uploads\/2025\/10\/benin-1-1024x352.jpg","contentUrl":"https:\/\/djosstourevent.com\/wp-content\/uploads\/2025\/10\/benin-1-1024x352.jpg"},{"@type":"BreadcrumbList","@id":"https:\/\/djosstourevent.com\/es\/experiencias-viajes\/#breadcrumb","itemListElement":[{"@type":"ListItem","position":1,"name":"Home","item":"https:\/\/djosstourevent.com\/es\/inicio\/"},{"@type":"ListItem","position":2,"name":"Experiencias\/Viajes"}]},{"@type":"WebSite","@id":"https:\/\/djosstourevent.com\/es\/#website","url":"https:\/\/djosstourevent.com\/es\/","name":"Djosstour Event","description":"Vivez L\u2019Afrique, Une Exp\u00e9rience Touristique Authentique","publisher":{"@id":"https:\/\/djosstourevent.com\/es\/#organization"},"alternateName":"Djosstour Event","potentialAction":[{"@type":"SearchAction","target":{"@type":"EntryPoint","urlTemplate":"https:\/\/djosstourevent.com\/es\/?s={search_term_string}"},"query-input":{"@type":"PropertyValueSpecification","valueRequired":true,"valueName":"search_term_string"}}],"inLanguage":"es"},{"@type":"Organization","@id":"https:\/\/djosstourevent.com\/es\/#organization","name":"Djosstour Event Tourism","alternateName":"Djosstour Event","url":"https:\/\/djosstourevent.com\/es\/","logo":{"@type":"ImageObject","inLanguage":"es","@id":"https:\/\/djosstourevent.com\/es\/#\/schema\/logo\/image\/","url":"https:\/\/djosstourevent.com\/wp-content\/uploads\/2025\/10\/logo-1.jpeg","contentUrl":"https:\/\/djosstourevent.com\/wp-content\/uploads\/2025\/10\/logo-1.jpeg","width":640,"height":640,"caption":"Djosstour Event Tourism"},"image":{"@id":"https:\/\/djosstourevent.com\/es\/#\/schema\/logo\/image\/"},"sameAs":["https:\/\/www.facebook.com\/profile.php?id=61582422941550&mibextid=wwXIfr&rdid=k4tyv6bTb7itgLbI&share_url=httpswww.facebook.comshare1FeTdsxMuzmibextidwwXIfr#","https:\/\/x.com\/djosstour_event","https:\/\/www.instagram.com\/djosstour_event_sarl?igsh=M3dkbmp1ZGZ3YzQy&utm_source=qr","https:\/\/www.tiktok.com\/@djosstour.event.s?_t=ZN-90xq1sSNwqE&_r=1"]}]}},"jetpack_sharing_enabled":true,"_links":{"self":[{"href":"https:\/\/djosstourevent.com\/es\/wp-json\/wp\/v2\/pages\/999","targetHints":{"allow":["GET"]}}],"collection":[{"href":"https:\/\/djosstourevent.com\/es\/wp-json\/wp\/v2\/pages"}],"about":[{"href":"https:\/\/djosstourevent.com\/es\/wp-json\/wp\/v2\/types\/page"}],"author":[{"embeddable":true,"href":"https:\/\/djosstourevent.com\/es\/wp-json\/wp\/v2\/users\/1"}],"replies":[{"embeddable":true,"href":"https:\/\/djosstourevent.com\/es\/wp-json\/wp\/v2\/comments?post=999"}],"version-history":[{"count":0,"href":"https:\/\/djosstourevent.com\/es\/wp-json\/wp\/v2\/pages\/999\/revisions"}],"wp:attachment":[{"href":"https:\/\/djosstourevent.com\/es\/wp-json\/wp\/v2\/media?parent=999"}],"curies":[{"name":"wp","href":"https:\/\/api.w.org\/{rel}","templated":true}]}}