{"id":989,"date":"2025-10-18T08:46:05","date_gmt":"2025-10-18T07:46:05","guid":{"rendered":"https:\/\/djosstourevent.wpenginepowered.com\/acerca-de\/"},"modified":"2026-02-15T15:18:34","modified_gmt":"2026-02-15T14:18:34","slug":"acerca-de","status":"publish","type":"page","link":"https:\/\/djosstourevent.com\/es\/acerca-de\/","title":{"rendered":"Acerca de"},"content":{"rendered":"\t\t<div data-elementor-type=\"wp-page\" data-elementor-id=\"989\" class=\"elementor elementor-989 elementor-144\">\n\t\t\t\t<div class=\"elementor-element elementor-element-d10b0a0 e-flex e-con-boxed e-con e-parent\" data-id=\"d10b0a0\" data-element_type=\"container\" data-e-type=\"container\" data-settings=\"{&quot;background_background&quot;:&quot;classic&quot;}\">\n\t\t\t\t\t<div class=\"e-con-inner\">\n\t\t<div class=\"elementor-element elementor-element-1e4a5cd e-con-full e-flex e-con e-child\" data-id=\"1e4a5cd\" data-element_type=\"container\" data-e-type=\"container\">\n\t\t\t\t<div class=\"elementor-element elementor-element-de46f59 elementor-widget elementor-widget-hfe-infocard\" data-id=\"de46f59\" data-element_type=\"widget\" data-e-type=\"widget\" data-widget_type=\"hfe-infocard.default\">\n\t\t\t\t<div class=\"elementor-widget-container\">\n\t\t\t\t\t\n\t\t<div class=\"hfe-infocard\">\n\t\t\t\t\t\t\t\t\t<div class=\"hfe-infocard-title-wrap\">\n\t\t\t\t<h1 class=\"hfe-infocard-title elementor-inline-editing\" data-elementor-setting-key=\"infocard_title\" data-elementor-inline-editing-toolbar=\"basic\" >Acerca de<\/h1>\t\t\t<\/div>\n\t\t\t\t\t\t<div class=\"hfe-infocard-text-wrap\">\n\t\t\t\t<div class=\"hfe-infocard-text elementor-inline-editing\" data-elementor-setting-key=\"infocard_description\" data-elementor-inline-editing-toolbar=\"advanced\">\n\t\t\t\t\tSi est\u00e1 buscando un segundo hogar, no dude en venir. Aqu\u00ed encontrar\u00e1 una experiencia incre\u00edble y relajante durante sus vacaciones. \t\t\t\t<\/div>\n\t\t\t\t\t\t\t<\/div>\n\t\t<\/div>\n\n\t\t\t\t\t\t<\/div>\n\t\t\t\t<\/div>\n\t\t\t\t<\/div>\n\t\t\t\t\t<\/div>\n\t\t\t\t<\/div>\n\t\t<div class=\"elementor-element elementor-element-12d12a4 e-flex e-con-boxed e-con e-parent\" data-id=\"12d12a4\" data-element_type=\"container\" data-e-type=\"container\">\n\t\t\t\t\t<div class=\"e-con-inner\">\n\t\t\t\t<div class=\"elementor-element elementor-element-de84075 elementor-widget elementor-widget-heading\" data-id=\"de84075\" data-element_type=\"widget\" data-e-type=\"widget\" data-widget_type=\"heading.default\">\n\t\t\t\t<div class=\"elementor-widget-container\">\n\t\t\t\t\t<h5 class=\"elementor-heading-title elementor-size-default\">Djosstour Event es mucho m\u00e1s que una agencia de viajes: es una puerta de entrada al alma viva de \u00c1frica.\nCon sede en Ben\u00edn, nuestra misi\u00f3n es dar a conocer el continente a trav\u00e9s de experiencias aut\u00e9nticas, culturales y espirituales, donde cada etapa se convierte en un encuentro, una emoci\u00f3n y una revelaci\u00f3n. <br>Nuestro eslogan, \u00ab\u00c1frica en experiencia\u00bb, expresa nuestra visi\u00f3n: hacer del viaje un momento de inmersi\u00f3n total en la riqueza de las tradiciones, la belleza de los paisajes y la fuerza del patrimonio africano. <br>En Djosstour, creemos que el turismo debe inspirar, conectar y transformar. Por ello, ponemos un \u00e9nfasis especial en la cultura vud\u00fa, las celebraciones tradicionales y los lugares sagrados, as\u00ed como en el turismo sostenible y comunitario, para que cada aventura beneficie tambi\u00e9n a quienes dan vida al territorio.  <br>Organizamos circuitos a medida, eventos culturales, viajes inici\u00e1ticos y experiencias exclusivas por Ben\u00edn y otros destinos africanos. <br>Con un equipo apasionado y socios locales de confianza, Djosstour le garantiza un acompa\u00f1amiento profesional, humano y vibrante de autenticidad.<br>Djosstour Event Sarl - \u00c1frica no se visita, se vive.<\/h5>\t\t\t\t<\/div>\n\t\t\t\t<\/div>\n\t\t\t\t\t<\/div>\n\t\t\t\t<\/div>\n\t\t<div class=\"elementor-element elementor-element-60bacb1 e-flex e-con-boxed e-con e-parent\" data-id=\"60bacb1\" data-element_type=\"container\" data-e-type=\"container\" data-settings=\"{&quot;background_background&quot;:&quot;classic&quot;}\">\n\t\t\t\t\t<div class=\"e-con-inner\">\n\t\t<div class=\"elementor-element elementor-element-2ac63b5 e-con-full e-flex e-con e-child\" data-id=\"2ac63b5\" data-element_type=\"container\" data-e-type=\"container\">\n\t\t\t\t<div class=\"elementor-element elementor-element-26438ad elementor-widget elementor-widget-heading\" data-id=\"26438ad\" data-element_type=\"widget\" data-e-type=\"widget\" data-widget_type=\"heading.default\">\n\t\t\t\t<div class=\"elementor-widget-container\">\n\t\t\t\t\t<h2 class=\"elementor-heading-title elementor-size-default\">\u00a1Planifique hoy mismo una experiencia inolvidable en BENIN!<\/h2>\t\t\t\t<\/div>\n\t\t\t\t<\/div>\n\t\t\t\t<div class=\"elementor-element elementor-element-1179e43 elementor-widget elementor-widget-text-editor\" data-id=\"1179e43\" data-element_type=\"widget\" data-e-type=\"widget\" data-widget_type=\"text-editor.default\">\n\t\t\t\t<div class=\"elementor-widget-container\">\n\t\t\t\t\t\t\t\t\t<p>Podemos ayudarle a adaptar su estancia y su experiencia al presupuesto que tenga asignado.<\/p>\t\t\t\t\t\t\t\t<\/div>\n\t\t\t\t<\/div>\n\t\t\t\t<div class=\"elementor-element elementor-element-bd4d9b1 elementor-widget elementor-widget-heading\" data-id=\"bd4d9b1\" data-element_type=\"widget\" data-e-type=\"widget\" data-widget_type=\"heading.default\">\n\t\t\t\t<div class=\"elementor-widget-container\">\n\t\t\t\t\t<p class=\"elementor-heading-title elementor-size-default\">RESERVE SU PLAZA AHORA <\/p>\t\t\t\t<\/div>\n\t\t\t\t<\/div>\n\t\t\t\t<div class=\"elementor-element elementor-element-1194217 elementor-align-center elementor-icon-list--layout-traditional elementor-list-item-link-full_width elementor-widget elementor-widget-icon-list\" data-id=\"1194217\" data-element_type=\"widget\" data-e-type=\"widget\" data-widget_type=\"icon-list.default\">\n\t\t\t\t<div class=\"elementor-widget-container\">\n\t\t\t\t\t\t\t<ul class=\"elementor-icon-list-items\">\n\t\t\t\t\t\t\t<li class=\"elementor-icon-list-item\">\n\t\t\t\t\t\t\t\t\t\t\t<span class=\"elementor-icon-list-icon\">\n\t\t\t\t\t\t\t<i aria-hidden=\"true\" class=\"fas fa-phone-alt\"><\/i>\t\t\t\t\t\t<\/span>\n\t\t\t\t\t\t\t\t\t\t<span class=\"elementor-icon-list-text\">+229 01 59 36 78 77<\/span>\n\t\t\t\t\t\t\t\t\t<\/li>\n\t\t\t\t\t\t<\/ul>\n\t\t\t\t\t\t<\/div>\n\t\t\t\t<\/div>\n\t\t\t\t<\/div>\n\t\t\t\t\t<\/div>\n\t\t\t\t<\/div>\n\t\t\t\t<\/div>\n\t\t","protected":false},"excerpt":{"rendered":"<p>Acerca de Si est\u00e1 buscando un segundo hogar, no dude en venir. Aqu\u00ed encontrar\u00e1 una experiencia incre\u00edble y relajante durante sus vacaciones. Djosstour Event es mucho m\u00e1s que una agencia de viajes: es una puerta de entrada al alma viva de \u00c1frica. Con sede en Ben\u00edn, nuestra misi\u00f3n es dar a conocer el continente a [&hellip;]<\/p>\n","protected":false},"author":1,"featured_media":990,"parent":0,"menu_order":0,"comment_status":"closed","ping_status":"closed","template":"","meta":{"site-sidebar-layout":"no-sidebar","site-content-layout":"page-builder","ast-site-content-layout":"full-width-container","site-content-style":"unboxed","site-sidebar-style":"unboxed","ast-global-header-display":"","ast-banner-title-visibility":"","ast-main-header-display":"","ast-hfb-above-header-display":"","ast-hfb-below-header-display":"","ast-hfb-mobile-header-display":"","site-post-title":"disabled","ast-breadcrumbs-content":"","ast-featured-img":"disabled","footer-sml-layout":"","ast-disable-related-posts":"","theme-transparent-header-meta":"enabled","adv-header-id-meta":"","stick-header-meta":"","header-above-stick-meta":"","header-main-stick-meta":"","header-below-stick-meta":"","astra-migrate-meta-layouts":"default","ast-page-background-enabled":"default","ast-page-background-meta":{"desktop":{"background-color":"","background-image":"","background-repeat":"repeat","background-position":"center center","background-size":"auto","background-attachment":"scroll","background-type":"","background-media":"","overlay-type":"","overlay-color":"","overlay-opacity":"","overlay-gradient":""},"tablet":{"background-color":"","background-image":"","background-repeat":"repeat","background-position":"center center","background-size":"auto","background-attachment":"scroll","background-type":"","background-media":"","overlay-type":"","overlay-color":"","overlay-opacity":"","overlay-gradient":""},"mobile":{"background-color":"","background-image":"","background-repeat":"repeat","background-position":"center center","background-size":"auto","background-attachment":"scroll","background-type":"","background-media":"","overlay-type":"","overlay-color":"","overlay-opacity":"","overlay-gradient":""}},"ast-content-background-meta":{"desktop":{"background-color":"var(--ast-global-color-5)","background-image":"","background-repeat":"repeat","background-position":"center center","background-size":"auto","background-attachment":"scroll","background-type":"","background-media":"","overlay-type":"","overlay-color":"","overlay-opacity":"","overlay-gradient":""},"tablet":{"background-color":"var(--ast-global-color-5)","background-image":"","background-repeat":"repeat","background-position":"center center","background-size":"auto","background-attachment":"scroll","background-type":"","background-media":"","overlay-type":"","overlay-color":"","overlay-opacity":"","overlay-gradient":""},"mobile":{"background-color":"var(--ast-global-color-5)","background-image":"","background-repeat":"repeat","background-position":"center center","background-size":"auto","background-attachment":"scroll","background-type":"","background-media":"","overlay-type":"","overlay-color":"","overlay-opacity":"","overlay-gradient":""}},"footnotes":""},"class_list":["post-989","page","type-page","status-publish","has-post-thumbnail","hentry"],"yoast_head":"<!-- This site is optimized with the Yoast SEO plugin v27.4 - https:\/\/yoast.com\/product\/yoast-seo-wordpress\/ -->\n<title>Sobre nosotros - Djosstour Event Turismo - El \u00c1frica aut\u00e9ntica<\/title>\n<meta name=\"description\" content=\"Acerca de Si est\u00e1 buscando un segundo hogar, no dude en venir. Aqu\u00ed encontrar\u00e1 una experiencia incre\u00edble y relajante durante sus vacaciones. Djosstour\" \/>\n<meta name=\"robots\" content=\"index, follow, max-snippet:-1, max-image-preview:large, max-video-preview:-1\" \/>\n<link rel=\"canonical\" href=\"https:\/\/djosstourevent.com\/es\/acerca-de\/\" \/>\n<meta property=\"og:locale\" content=\"es_ES\" \/>\n<meta property=\"og:type\" content=\"article\" \/>\n<meta property=\"og:title\" content=\"Sobre nosotros - Djosstour Event Turismo - El \u00c1frica aut\u00e9ntica\" \/>\n<meta property=\"og:description\" content=\"Acerca de Si est\u00e1 buscando un segundo hogar, no dude en venir. Aqu\u00ed encontrar\u00e1 una experiencia incre\u00edble y relajante durante sus vacaciones. Djosstour\" \/>\n<meta property=\"og:url\" content=\"https:\/\/djosstourevent.com\/es\/acerca-de\/\" \/>\n<meta property=\"og:site_name\" content=\"DJOSSTOUR EVENT\" \/>\n<meta property=\"article:publisher\" content=\"https:\/\/www.facebook.com\/profile.php?id=61582422941550&amp;mibextid=wwXIfr&amp;rdid=k4tyv6bTb7itgLbI&amp;share_url=httpswww.facebook.comshare1FeTdsxMuzmibextidwwXIfr#\" \/>\n<meta property=\"article:modified_time\" content=\"2026-02-15T14:18:34+00:00\" \/>\n<meta property=\"og:image\" content=\"https:\/\/djosstourevent.com\/wp-content\/uploads\/2021\/05\/about-banner-1024x427.jpg\" \/>\n<meta name=\"twitter:card\" content=\"summary_large_image\" \/>\n<meta name=\"twitter:title\" content=\"Sobre nosotros - Djosstour Event Turismo - El \u00c1frica aut\u00e9ntica\" \/>\n<meta name=\"twitter:description\" content=\"Acerca de Si est\u00e1 buscando un segundo hogar, no dude en venir. Aqu\u00ed encontrar\u00e1 una experiencia incre\u00edble y relajante durante sus vacaciones. Djosstour\" \/>\n<meta name=\"twitter:image\" content=\"https:\/\/djosstourevent.com\/wp-content\/uploads\/2021\/05\/about-banner-1024x427.jpg\" \/>\n<meta name=\"twitter:site\" content=\"@djosstour_event\" \/>\n<meta name=\"twitter:label1\" content=\"Tiempo de lectura\" \/>\n\t<meta name=\"twitter:data1\" content=\"1 minuto\" \/>\n<script type=\"application\/ld+json\" class=\"yoast-schema-graph\">{\"@context\":\"https:\\\/\\\/schema.org\",\"@graph\":[{\"@type\":\"WebPage\",\"@id\":\"https:\\\/\\\/djosstourevent.com\\\/es\\\/acerca-de\\\/\",\"url\":\"https:\\\/\\\/djosstourevent.com\\\/es\\\/acerca-de\\\/\",\"name\":\"Sobre nosotros - Djosstour Event Turismo - El \u00c1frica aut\u00e9ntica\",\"isPartOf\":{\"@id\":\"https:\\\/\\\/djosstourevent.com\\\/es\\\/#website\"},\"primaryImageOfPage\":{\"@id\":\"https:\\\/\\\/djosstourevent.com\\\/es\\\/acerca-de\\\/#primaryimage\"},\"image\":{\"@id\":\"https:\\\/\\\/djosstourevent.com\\\/es\\\/acerca-de\\\/#primaryimage\"},\"thumbnailUrl\":\"https:\\\/\\\/djosstourevent.com\\\/wp-content\\\/uploads\\\/2021\\\/05\\\/about-banner.jpg\",\"datePublished\":\"2025-10-18T07:46:05+00:00\",\"dateModified\":\"2026-02-15T14:18:34+00:00\",\"description\":\"Acerca de Si est\u00e1 buscando un segundo hogar, no dude en venir. Aqu\u00ed encontrar\u00e1 una experiencia incre\u00edble y relajante durante sus vacaciones. Djosstour\",\"breadcrumb\":{\"@id\":\"https:\\\/\\\/djosstourevent.com\\\/es\\\/acerca-de\\\/#breadcrumb\"},\"inLanguage\":\"es\",\"potentialAction\":[{\"@type\":\"ReadAction\",\"target\":[\"https:\\\/\\\/djosstourevent.com\\\/es\\\/acerca-de\\\/\"]}]},{\"@type\":\"ImageObject\",\"inLanguage\":\"es\",\"@id\":\"https:\\\/\\\/djosstourevent.com\\\/es\\\/acerca-de\\\/#primaryimage\",\"url\":\"https:\\\/\\\/djosstourevent.com\\\/wp-content\\\/uploads\\\/2021\\\/05\\\/about-banner.jpg\",\"contentUrl\":\"https:\\\/\\\/djosstourevent.com\\\/wp-content\\\/uploads\\\/2021\\\/05\\\/about-banner.jpg\",\"width\":1920,\"height\":800},{\"@type\":\"BreadcrumbList\",\"@id\":\"https:\\\/\\\/djosstourevent.com\\\/es\\\/acerca-de\\\/#breadcrumb\",\"itemListElement\":[{\"@type\":\"ListItem\",\"position\":1,\"name\":\"Home\",\"item\":\"https:\\\/\\\/djosstourevent.com\\\/es\\\/inicio\\\/\"},{\"@type\":\"ListItem\",\"position\":2,\"name\":\"Acerca de\"}]},{\"@type\":\"WebSite\",\"@id\":\"https:\\\/\\\/djosstourevent.com\\\/es\\\/#website\",\"url\":\"https:\\\/\\\/djosstourevent.com\\\/es\\\/\",\"name\":\"Djosstour Event\",\"description\":\"Vivez L\u2019Afrique, Une Exp\u00e9rience Touristique Authentique\",\"publisher\":{\"@id\":\"https:\\\/\\\/djosstourevent.com\\\/es\\\/#organization\"},\"alternateName\":\"Djosstour Event\",\"potentialAction\":[{\"@type\":\"SearchAction\",\"target\":{\"@type\":\"EntryPoint\",\"urlTemplate\":\"https:\\\/\\\/djosstourevent.com\\\/es\\\/?s={search_term_string}\"},\"query-input\":{\"@type\":\"PropertyValueSpecification\",\"valueRequired\":true,\"valueName\":\"search_term_string\"}}],\"inLanguage\":\"es\"},{\"@type\":\"Organization\",\"@id\":\"https:\\\/\\\/djosstourevent.com\\\/es\\\/#organization\",\"name\":\"Djosstour Event Tourism\",\"alternateName\":\"Djosstour Event\",\"url\":\"https:\\\/\\\/djosstourevent.com\\\/es\\\/\",\"logo\":{\"@type\":\"ImageObject\",\"inLanguage\":\"es\",\"@id\":\"https:\\\/\\\/djosstourevent.com\\\/es\\\/#\\\/schema\\\/logo\\\/image\\\/\",\"url\":\"https:\\\/\\\/djosstourevent.com\\\/wp-content\\\/uploads\\\/2025\\\/10\\\/logo-1.jpeg\",\"contentUrl\":\"https:\\\/\\\/djosstourevent.com\\\/wp-content\\\/uploads\\\/2025\\\/10\\\/logo-1.jpeg\",\"width\":640,\"height\":640,\"caption\":\"Djosstour Event Tourism\"},\"image\":{\"@id\":\"https:\\\/\\\/djosstourevent.com\\\/es\\\/#\\\/schema\\\/logo\\\/image\\\/\"},\"sameAs\":[\"https:\\\/\\\/www.facebook.com\\\/profile.php?id=61582422941550&mibextid=wwXIfr&rdid=k4tyv6bTb7itgLbI&share_url=httpswww.facebook.comshare1FeTdsxMuzmibextidwwXIfr#\",\"https:\\\/\\\/x.com\\\/djosstour_event\",\"https:\\\/\\\/www.instagram.com\\\/djosstour_event_sarl?igsh=M3dkbmp1ZGZ3YzQy&utm_source=qr\",\"https:\\\/\\\/www.tiktok.com\\\/@djosstour.event.s?_t=ZN-90xq1sSNwqE&_r=1\"]}]}<\/script>\n<!-- \/ Yoast SEO plugin. -->","yoast_head_json":{"title":"Sobre nosotros - Djosstour Event Turismo - El \u00c1frica aut\u00e9ntica","description":"Acerca de Si est\u00e1 buscando un segundo hogar, no dude en venir. Aqu\u00ed encontrar\u00e1 una experiencia incre\u00edble y relajante durante sus vacaciones. Djosstour","robots":{"index":"index","follow":"follow","max-snippet":"max-snippet:-1","max-image-preview":"max-image-preview:large","max-video-preview":"max-video-preview:-1"},"canonical":"https:\/\/djosstourevent.com\/es\/acerca-de\/","og_locale":"es_ES","og_type":"article","og_title":"Sobre nosotros - Djosstour Event Turismo - El \u00c1frica aut\u00e9ntica","og_description":"Acerca de Si est\u00e1 buscando un segundo hogar, no dude en venir. Aqu\u00ed encontrar\u00e1 una experiencia incre\u00edble y relajante durante sus vacaciones. Djosstour","og_url":"https:\/\/djosstourevent.com\/es\/acerca-de\/","og_site_name":"DJOSSTOUR EVENT","article_publisher":"https:\/\/www.facebook.com\/profile.php?id=61582422941550&mibextid=wwXIfr&rdid=k4tyv6bTb7itgLbI&share_url=httpswww.facebook.comshare1FeTdsxMuzmibextidwwXIfr#","article_modified_time":"2026-02-15T14:18:34+00:00","og_image":[{"url":"https:\/\/djosstourevent.com\/wp-content\/uploads\/2021\/05\/about-banner-1024x427.jpg","type":"","width":"","height":""}],"twitter_card":"summary_large_image","twitter_title":"Sobre nosotros - Djosstour Event Turismo - El \u00c1frica aut\u00e9ntica","twitter_description":"Acerca de Si est\u00e1 buscando un segundo hogar, no dude en venir. Aqu\u00ed encontrar\u00e1 una experiencia incre\u00edble y relajante durante sus vacaciones. Djosstour","twitter_image":"https:\/\/djosstourevent.com\/wp-content\/uploads\/2021\/05\/about-banner-1024x427.jpg","twitter_site":"@djosstour_event","twitter_misc":{"Tiempo de lectura":"1 minuto"},"schema":{"@context":"https:\/\/schema.org","@graph":[{"@type":"WebPage","@id":"https:\/\/djosstourevent.com\/es\/acerca-de\/","url":"https:\/\/djosstourevent.com\/es\/acerca-de\/","name":"Sobre nosotros - Djosstour Event Turismo - El \u00c1frica aut\u00e9ntica","isPartOf":{"@id":"https:\/\/djosstourevent.com\/es\/#website"},"primaryImageOfPage":{"@id":"https:\/\/djosstourevent.com\/es\/acerca-de\/#primaryimage"},"image":{"@id":"https:\/\/djosstourevent.com\/es\/acerca-de\/#primaryimage"},"thumbnailUrl":"https:\/\/djosstourevent.com\/wp-content\/uploads\/2021\/05\/about-banner.jpg","datePublished":"2025-10-18T07:46:05+00:00","dateModified":"2026-02-15T14:18:34+00:00","description":"Acerca de Si est\u00e1 buscando un segundo hogar, no dude en venir. Aqu\u00ed encontrar\u00e1 una experiencia incre\u00edble y relajante durante sus vacaciones. Djosstour","breadcrumb":{"@id":"https:\/\/djosstourevent.com\/es\/acerca-de\/#breadcrumb"},"inLanguage":"es","potentialAction":[{"@type":"ReadAction","target":["https:\/\/djosstourevent.com\/es\/acerca-de\/"]}]},{"@type":"ImageObject","inLanguage":"es","@id":"https:\/\/djosstourevent.com\/es\/acerca-de\/#primaryimage","url":"https:\/\/djosstourevent.com\/wp-content\/uploads\/2021\/05\/about-banner.jpg","contentUrl":"https:\/\/djosstourevent.com\/wp-content\/uploads\/2021\/05\/about-banner.jpg","width":1920,"height":800},{"@type":"BreadcrumbList","@id":"https:\/\/djosstourevent.com\/es\/acerca-de\/#breadcrumb","itemListElement":[{"@type":"ListItem","position":1,"name":"Home","item":"https:\/\/djosstourevent.com\/es\/inicio\/"},{"@type":"ListItem","position":2,"name":"Acerca de"}]},{"@type":"WebSite","@id":"https:\/\/djosstourevent.com\/es\/#website","url":"https:\/\/djosstourevent.com\/es\/","name":"Djosstour Event","description":"Vivez L\u2019Afrique, Une Exp\u00e9rience Touristique Authentique","publisher":{"@id":"https:\/\/djosstourevent.com\/es\/#organization"},"alternateName":"Djosstour Event","potentialAction":[{"@type":"SearchAction","target":{"@type":"EntryPoint","urlTemplate":"https:\/\/djosstourevent.com\/es\/?s={search_term_string}"},"query-input":{"@type":"PropertyValueSpecification","valueRequired":true,"valueName":"search_term_string"}}],"inLanguage":"es"},{"@type":"Organization","@id":"https:\/\/djosstourevent.com\/es\/#organization","name":"Djosstour Event Tourism","alternateName":"Djosstour Event","url":"https:\/\/djosstourevent.com\/es\/","logo":{"@type":"ImageObject","inLanguage":"es","@id":"https:\/\/djosstourevent.com\/es\/#\/schema\/logo\/image\/","url":"https:\/\/djosstourevent.com\/wp-content\/uploads\/2025\/10\/logo-1.jpeg","contentUrl":"https:\/\/djosstourevent.com\/wp-content\/uploads\/2025\/10\/logo-1.jpeg","width":640,"height":640,"caption":"Djosstour Event Tourism"},"image":{"@id":"https:\/\/djosstourevent.com\/es\/#\/schema\/logo\/image\/"},"sameAs":["https:\/\/www.facebook.com\/profile.php?id=61582422941550&mibextid=wwXIfr&rdid=k4tyv6bTb7itgLbI&share_url=httpswww.facebook.comshare1FeTdsxMuzmibextidwwXIfr#","https:\/\/x.com\/djosstour_event","https:\/\/www.instagram.com\/djosstour_event_sarl?igsh=M3dkbmp1ZGZ3YzQy&utm_source=qr","https:\/\/www.tiktok.com\/@djosstour.event.s?_t=ZN-90xq1sSNwqE&_r=1"]}]}},"jetpack_sharing_enabled":true,"_links":{"self":[{"href":"https:\/\/djosstourevent.com\/es\/wp-json\/wp\/v2\/pages\/989","targetHints":{"allow":["GET"]}}],"collection":[{"href":"https:\/\/djosstourevent.com\/es\/wp-json\/wp\/v2\/pages"}],"about":[{"href":"https:\/\/djosstourevent.com\/es\/wp-json\/wp\/v2\/types\/page"}],"author":[{"embeddable":true,"href":"https:\/\/djosstourevent.com\/es\/wp-json\/wp\/v2\/users\/1"}],"replies":[{"embeddable":true,"href":"https:\/\/djosstourevent.com\/es\/wp-json\/wp\/v2\/comments?post=989"}],"version-history":[{"count":0,"href":"https:\/\/djosstourevent.com\/es\/wp-json\/wp\/v2\/pages\/989\/revisions"}],"wp:featuredmedia":[{"embeddable":true,"href":"https:\/\/djosstourevent.com\/es\/wp-json\/wp\/v2\/media\/990"}],"wp:attachment":[{"href":"https:\/\/djosstourevent.com\/es\/wp-json\/wp\/v2\/media?parent=989"}],"curies":[{"name":"wp","href":"https:\/\/api.w.org\/{rel}","templated":true}]}}