{"id":970,"date":"2025-10-18T08:46:06","date_gmt":"2025-10-18T07:46:06","guid":{"rendered":"https:\/\/djosstourevent.wpenginepowered.com\/contacto\/"},"modified":"2026-02-15T15:18:35","modified_gmt":"2026-02-15T14:18:35","slug":"contacto","status":"publish","type":"page","link":"https:\/\/djosstourevent.com\/es\/contacto\/","title":{"rendered":"Contacto"},"content":{"rendered":"\t\t<div data-elementor-type=\"wp-page\" data-elementor-id=\"970\" class=\"elementor elementor-970 elementor-150\">\n\t\t\t\t<div class=\"elementor-element elementor-element-b1b84b6 e-flex e-con-boxed e-con e-parent\" data-id=\"b1b84b6\" data-element_type=\"container\" data-e-type=\"container\" data-settings=\"{&quot;background_background&quot;:&quot;classic&quot;}\">\n\t\t\t\t\t<div class=\"e-con-inner\">\n\t\t<div class=\"elementor-element elementor-element-3a98992 e-con-full e-flex e-con e-child\" data-id=\"3a98992\" data-element_type=\"container\" data-e-type=\"container\">\n\t\t\t\t<div class=\"elementor-element elementor-element-626b4ec elementor-widget elementor-widget-hfe-infocard\" data-id=\"626b4ec\" data-element_type=\"widget\" data-e-type=\"widget\" data-widget_type=\"hfe-infocard.default\">\n\t\t\t\t<div class=\"elementor-widget-container\">\n\t\t\t\t\t\n\t\t<div class=\"hfe-infocard\">\n\t\t\t\t\t\t\t\t\t<div class=\"hfe-infocard-title-wrap\">\n\t\t\t\t<h1 class=\"hfe-infocard-title elementor-inline-editing\" data-elementor-setting-key=\"infocard_title\" data-elementor-inline-editing-toolbar=\"basic\" >Cont\u00e1ctenos <\/h1>\t\t\t<\/div>\n\t\t\t\t\t\t<div class=\"hfe-infocard-text-wrap\">\n\t\t\t\t<div class=\"hfe-infocard-text elementor-inline-editing\" data-elementor-setting-key=\"infocard_description\" data-elementor-inline-editing-toolbar=\"advanced\">\n\t\t\t\t\t\u00bfDesea saber m\u00e1s sobre nuestras tarifas, ofertas y condiciones?\n\u00bfPodemos ayudarle? Ll\u00e1menos o env\u00edenos sus preguntas a trav\u00e9s del formulario siguiente.\t\t\t\t<\/div>\n\t\t\t\t\t\t\t<\/div>\n\t\t<\/div>\n\n\t\t\t\t\t\t<\/div>\n\t\t\t\t<\/div>\n\t\t\t\t<\/div>\n\t\t\t\t\t<\/div>\n\t\t\t\t<\/div>\n\t\t<div class=\"elementor-element elementor-element-2793540 e-flex e-con-boxed e-con e-parent\" data-id=\"2793540\" data-element_type=\"container\" data-e-type=\"container\" data-settings=\"{&quot;background_background&quot;:&quot;classic&quot;}\">\n\t\t\t\t\t<div class=\"e-con-inner\">\n\t\t<div class=\"elementor-element elementor-element-506919e e-con-full e-flex e-con e-child\" data-id=\"506919e\" data-element_type=\"container\" data-e-type=\"container\">\n\t\t\t\t<div class=\"elementor-element elementor-element-201b3ea elementor-widget elementor-widget-heading\" data-id=\"201b3ea\" data-element_type=\"widget\" data-e-type=\"widget\" data-widget_type=\"heading.default\">\n\t\t\t\t<div class=\"elementor-widget-container\">\n\t\t\t\t\t<h6 class=\"elementor-heading-title elementor-size-default\">Oficina de Recepci\u00f3n<\/h6>\t\t\t\t<\/div>\n\t\t\t\t<\/div>\n\t\t\t\t<div class=\"elementor-element elementor-element-edcb4d3 elementor-widget elementor-widget-heading\" data-id=\"edcb4d3\" data-element_type=\"widget\" data-e-type=\"widget\" data-widget_type=\"heading.default\">\n\t\t\t\t<div class=\"elementor-widget-container\">\n\t\t\t\t\t<h4 class=\"elementor-heading-title elementor-size-default\">Oficina Djosstour<br>00229 Cotonou, Ben\u00edn (BJ) <\/h4>\t\t\t\t<\/div>\n\t\t\t\t<\/div>\n\t\t\t\t<div class=\"elementor-element elementor-element-30ed77f elementor-widget elementor-widget-heading\" data-id=\"30ed77f\" data-element_type=\"widget\" data-e-type=\"widget\" data-widget_type=\"heading.default\">\n\t\t\t\t<div class=\"elementor-widget-container\">\n\t\t\t\t\t<h6 class=\"elementor-heading-title elementor-size-default\">Horario de Recepci\u00f3n<\/h6>\t\t\t\t<\/div>\n\t\t\t\t<\/div>\n\t\t\t\t<div class=\"elementor-element elementor-element-34871dd elementor-widget elementor-widget-heading\" data-id=\"34871dd\" data-element_type=\"widget\" data-e-type=\"widget\" data-widget_type=\"heading.default\">\n\t\t\t\t<div class=\"elementor-widget-container\">\n\t\t\t\t\t<h4 class=\"elementor-heading-title elementor-size-default\">8:30 - 18:00<\/h4>\t\t\t\t<\/div>\n\t\t\t\t<\/div>\n\t\t\t\t<div class=\"elementor-element elementor-element-6c0f24d elementor-widget elementor-widget-heading\" data-id=\"6c0f24d\" data-element_type=\"widget\" data-e-type=\"widget\" data-widget_type=\"heading.default\">\n\t\t\t\t<div class=\"elementor-widget-container\">\n\t\t\t\t\t<h6 class=\"elementor-heading-title elementor-size-default\">Contacto<\/h6>\t\t\t\t<\/div>\n\t\t\t\t<\/div>\n\t\t\t\t<div class=\"elementor-element elementor-element-8db7e3a elementor-widget elementor-widget-heading\" data-id=\"8db7e3a\" data-element_type=\"widget\" data-e-type=\"widget\" data-widget_type=\"heading.default\">\n\t\t\t\t<div class=\"elementor-widget-container\">\n\t\t\t\t\t<h4 class=\"elementor-heading-title elementor-size-default\">+229 01 59 36 78 77<\/h4>\t\t\t\t<\/div>\n\t\t\t\t<\/div>\n\t\t\t\t<div class=\"elementor-element elementor-element-b23bd0a elementor-widget elementor-widget-heading\" data-id=\"b23bd0a\" data-element_type=\"widget\" data-e-type=\"widget\" data-widget_type=\"heading.default\">\n\t\t\t\t<div class=\"elementor-widget-container\">\n\t\t\t\t\t<h4 class=\"elementor-heading-title elementor-size-default\">djosstour.event@gmail.com<\/h4>\t\t\t\t<\/div>\n\t\t\t\t<\/div>\n\t\t\t\t<div class=\"elementor-element elementor-element-5005bed elementor-widget elementor-widget-heading\" data-id=\"5005bed\" data-element_type=\"widget\" data-e-type=\"widget\" data-widget_type=\"heading.default\">\n\t\t\t\t<div class=\"elementor-widget-container\">\n\t\t\t\t\t<h6 class=\"elementor-heading-title elementor-size-default\">S\u00edganos<\/h6>\t\t\t\t<\/div>\n\t\t\t\t<\/div>\n\t\t\t\t<div class=\"elementor-element elementor-element-581e817 elementor-grid-4 e-grid-align-left elementor-shape-rounded elementor-widget elementor-widget-social-icons\" data-id=\"581e817\" data-element_type=\"widget\" data-e-type=\"widget\" data-widget_type=\"social-icons.default\">\n\t\t\t\t<div class=\"elementor-widget-container\">\n\t\t\t\t\t\t\t<div class=\"elementor-social-icons-wrapper elementor-grid\" role=\"list\">\n\t\t\t\t\t\t\t<span class=\"elementor-grid-item\" role=\"listitem\">\n\t\t\t\t\t<a class=\"elementor-icon elementor-social-icon elementor-social-icon-instagram elementor-repeater-item-c332c44\" target=\"_blank\">\n\t\t\t\t\t\t<span class=\"elementor-screen-only\">Instagram<\/span>\n\t\t\t\t\t\t<i aria-hidden=\"true\" class=\"fab fa-instagram\"><\/i>\t\t\t\t\t<\/a>\n\t\t\t\t<\/span>\n\t\t\t\t\t\t\t<span class=\"elementor-grid-item\" role=\"listitem\">\n\t\t\t\t\t<a class=\"elementor-icon elementor-social-icon elementor-social-icon-tripadvisor elementor-repeater-item-95d1c39\" target=\"_blank\">\n\t\t\t\t\t\t<span class=\"elementor-screen-only\">Tripadvisor<\/span>\n\t\t\t\t\t\t<i aria-hidden=\"true\" class=\"fab fa-tripadvisor\"><\/i>\t\t\t\t\t<\/a>\n\t\t\t\t<\/span>\n\t\t\t\t\t\t\t<span class=\"elementor-grid-item\" role=\"listitem\">\n\t\t\t\t\t<a class=\"elementor-icon elementor-social-icon elementor-social-icon-facebook elementor-repeater-item-80d0fd7\" target=\"_blank\">\n\t\t\t\t\t\t<span class=\"elementor-screen-only\">Facebook<\/span>\n\t\t\t\t\t\t<i aria-hidden=\"true\" class=\"fab fa-facebook\"><\/i>\t\t\t\t\t<\/a>\n\t\t\t\t<\/span>\n\t\t\t\t\t\t\t<span class=\"elementor-grid-item\" role=\"listitem\">\n\t\t\t\t\t<a class=\"elementor-icon elementor-social-icon elementor-social-icon-twitter elementor-repeater-item-633ca60\" target=\"_blank\">\n\t\t\t\t\t\t<span class=\"elementor-screen-only\">Twitter<\/span>\n\t\t\t\t\t\t<i aria-hidden=\"true\" class=\"fab fa-twitter\"><\/i>\t\t\t\t\t<\/a>\n\t\t\t\t<\/span>\n\t\t\t\t\t<\/div>\n\t\t\t\t\t\t<\/div>\n\t\t\t\t<\/div>\n\t\t\t\t<\/div>\n\t\t<div class=\"elementor-element elementor-element-a943d4a e-con-full e-flex e-con e-child\" data-id=\"a943d4a\" data-element_type=\"container\" data-e-type=\"container\">\n\t\t\t\t<div class=\"elementor-element elementor-element-e5c9ac4 elementor-widget elementor-widget-wpforms\" data-id=\"e5c9ac4\" data-element_type=\"widget\" data-e-type=\"widget\" data-widget_type=\"wpforms.default\">\n\t\t\t\t<div class=\"elementor-widget-container\">\n\t\t\t\t\t<div class=\"wpforms-container \" id=\"wpforms-8\"><form id=\"wpforms-form-8\" class=\"wpforms-validate wpforms-form\" data-formid=\"8\" method=\"post\" enctype=\"multipart\/form-data\" action=\"\/es\/wp-json\/wp\/v2\/pages\/970\" data-token=\"d0eab835a230ba40e44978b1d9fb3f94\" data-token-time=\"1776590966\"><noscript class=\"wpforms-error-noscript\">Por favor, activa JavaScript en tu navegador para completar este formulario.<\/noscript><div class=\"wpforms-field-container\"><div id=\"wpforms-8-field_0-container\" class=\"wpforms-field wpforms-field-name\" data-field-id=\"0\"><label class=\"wpforms-field-label\" for=\"wpforms-8-field_0\">Name <span class=\"wpforms-required-label\">*<\/span><\/label><input type=\"text\" id=\"wpforms-8-field_0\" class=\"wpforms-field-large wpforms-field-required\" name=\"wpforms[fields][0]\" required><\/div><div id=\"wpforms-8-field_1-container\" class=\"wpforms-field wpforms-field-email\" data-field-id=\"1\"><label class=\"wpforms-field-label\" for=\"wpforms-8-field_1\">Email <span class=\"wpforms-required-label\">*<\/span><\/label><input type=\"email\" id=\"wpforms-8-field_1\" class=\"wpforms-field-large wpforms-field-required\" name=\"wpforms[fields][1]\" spellcheck=\"false\" required><\/div><div id=\"wpforms-8-field_4-container\" class=\"wpforms-field wpforms-field-text\" data-field-id=\"4\"><label class=\"wpforms-field-label\" for=\"wpforms-8-field_4\">Subject <span class=\"wpforms-required-label\">*<\/span><\/label><input type=\"text\" id=\"wpforms-8-field_4\" class=\"wpforms-field-large wpforms-field-required\" name=\"wpforms[fields][4]\" required><\/div><div id=\"wpforms-8-field_2-container\" class=\"wpforms-field wpforms-field-textarea\" data-field-id=\"2\"><label class=\"wpforms-field-label\" for=\"wpforms-8-field_2\">Message <span class=\"wpforms-required-label\">*<\/span><\/label><textarea id=\"wpforms-8-field_2\" class=\"wpforms-field-medium wpforms-field-required\" name=\"wpforms[fields][2]\" required><\/textarea><\/div><\/div><!-- .wpforms-field-container --><div class=\"wpforms-submit-container\" ><input type=\"hidden\" name=\"wpforms[id]\" value=\"8\"><input type=\"hidden\" name=\"page_title\" value=\"\"><input type=\"hidden\" name=\"page_url\" value=\"https:\/\/djosstourevent.com\/es\/wp-json\/wp\/v2\/pages\/970\"><input type=\"hidden\" name=\"url_referer\" value=\"\"><button type=\"submit\" name=\"wpforms[submit]\" id=\"wpforms-submit-8\" class=\"wpforms-submit\" data-alt-text=\"Sending...\" data-submit-text=\"Submit\" aria-live=\"assertive\" value=\"wpforms-submit\">Submit<\/button><\/div><\/form><\/div>  <!-- .wpforms-container -->\t\t\t\t<\/div>\n\t\t\t\t<\/div>\n\t\t\t\t<\/div>\n\t\t\t\t\t<\/div>\n\t\t\t\t<\/div>\n\t\t<div class=\"elementor-element elementor-element-4c58985 e-flex e-con-boxed e-con e-parent\" data-id=\"4c58985\" data-element_type=\"container\" data-e-type=\"container\">\n\t\t\t\t\t<div class=\"e-con-inner\">\n\t\t\t\t<div class=\"elementor-element elementor-element-7cd824f elementor-widget elementor-widget-google_maps\" data-id=\"7cd824f\" data-element_type=\"widget\" data-e-type=\"widget\" data-widget_type=\"google_maps.default\">\n\t\t\t\t<div class=\"elementor-widget-container\">\n\t\t\t\t\t\t\t<div class=\"elementor-custom-embed\">\n\t\t\t<iframe loading=\"lazy\"\n\t\t\t\t\tsrc=\"https:\/\/maps.google.com\/maps?q=Cotonou%20Benin%20Etoile%20rouge&#038;t=m&#038;z=7&#038;output=embed&#038;iwloc=near\"\n\t\t\t\t\ttitle=\"Cotonou Benin Etoile rouge\"\n\t\t\t\t\taria-label=\"Cotonou Benin Etoile rouge\"\n\t\t\t><\/iframe>\n\t\t<\/div>\n\t\t\t\t\t\t<\/div>\n\t\t\t\t<\/div>\n\t\t\t\t\t<\/div>\n\t\t\t\t<\/div>\n\t\t\t\t<\/div>\n\t\t","protected":false},"excerpt":{"rendered":"<p>Cont\u00e1ctenos \u00bfDesea saber m\u00e1s sobre nuestras tarifas, ofertas y condiciones? \u00bfPodemos ayudarle? Ll\u00e1menos o env\u00edenos sus preguntas a trav\u00e9s del formulario siguiente. Oficina de Recepci\u00f3n Oficina Djosstour00229 Cotonou, Ben\u00edn (BJ) Horario de Recepci\u00f3n 8:30 &#8211; 18:00 Contacto +229 01 59 36 78 77 djosstour.event@gmail.com S\u00edganos Instagram Tripadvisor Facebook Twitter Veuillez activer JavaScript dans votre navigateur [&hellip;]<\/p>\n","protected":false},"author":1,"featured_media":972,"parent":0,"menu_order":0,"comment_status":"closed","ping_status":"closed","template":"","meta":{"site-sidebar-layout":"no-sidebar","site-content-layout":"page-builder","ast-site-content-layout":"full-width-container","site-content-style":"unboxed","site-sidebar-style":"unboxed","ast-global-header-display":"","ast-banner-title-visibility":"","ast-main-header-display":"","ast-hfb-above-header-display":"","ast-hfb-below-header-display":"","ast-hfb-mobile-header-display":"","site-post-title":"disabled","ast-breadcrumbs-content":"","ast-featured-img":"disabled","footer-sml-layout":"","ast-disable-related-posts":"","theme-transparent-header-meta":"enabled","adv-header-id-meta":"","stick-header-meta":"","header-above-stick-meta":"","header-main-stick-meta":"","header-below-stick-meta":"","astra-migrate-meta-layouts":"default","ast-page-background-enabled":"default","ast-page-background-meta":{"desktop":{"background-color":"","background-image":"","background-repeat":"repeat","background-position":"center center","background-size":"auto","background-attachment":"scroll","background-type":"","background-media":"","overlay-type":"","overlay-color":"","overlay-opacity":"","overlay-gradient":""},"tablet":{"background-color":"","background-image":"","background-repeat":"repeat","background-position":"center center","background-size":"auto","background-attachment":"scroll","background-type":"","background-media":"","overlay-type":"","overlay-color":"","overlay-opacity":"","overlay-gradient":""},"mobile":{"background-color":"","background-image":"","background-repeat":"repeat","background-position":"center center","background-size":"auto","background-attachment":"scroll","background-type":"","background-media":"","overlay-type":"","overlay-color":"","overlay-opacity":"","overlay-gradient":""}},"ast-content-background-meta":{"desktop":{"background-color":"var(--ast-global-color-5)","background-image":"","background-repeat":"repeat","background-position":"center center","background-size":"auto","background-attachment":"scroll","background-type":"","background-media":"","overlay-type":"","overlay-color":"","overlay-opacity":"","overlay-gradient":""},"tablet":{"background-color":"var(--ast-global-color-5)","background-image":"","background-repeat":"repeat","background-position":"center center","background-size":"auto","background-attachment":"scroll","background-type":"","background-media":"","overlay-type":"","overlay-color":"","overlay-opacity":"","overlay-gradient":""},"mobile":{"background-color":"var(--ast-global-color-5)","background-image":"","background-repeat":"repeat","background-position":"center center","background-size":"auto","background-attachment":"scroll","background-type":"","background-media":"","overlay-type":"","overlay-color":"","overlay-opacity":"","overlay-gradient":""}},"footnotes":""},"class_list":["post-970","page","type-page","status-publish","has-post-thumbnail","hentry"],"yoast_head":"<!-- This site is optimized with the Yoast SEO plugin v27.4 - https:\/\/yoast.com\/product\/yoast-seo-wordpress\/ -->\n<title>Contacto - Djosstour Event Tourisme - El \u00c1frica aut\u00e9ntica<\/title>\n<meta name=\"description\" content=\"Cont\u00e1ctenos \u00bfDesea saber m\u00e1s sobre nuestras tarifas, ofertas y condiciones? \u00bfPodemos ayudarle? Ll\u00e1menos o env\u00edenos sus preguntas a trav\u00e9s del formulario\" \/>\n<meta name=\"robots\" content=\"index, follow, max-snippet:-1, max-image-preview:large, max-video-preview:-1\" \/>\n<link rel=\"canonical\" href=\"https:\/\/djosstourevent.com\/es\/contacto\/\" \/>\n<meta property=\"og:locale\" content=\"es_ES\" \/>\n<meta property=\"og:type\" content=\"article\" \/>\n<meta property=\"og:title\" content=\"Contacto - Djosstour Event Tourisme - El \u00c1frica aut\u00e9ntica\" \/>\n<meta property=\"og:description\" content=\"Cont\u00e1ctenos \u00bfDesea saber m\u00e1s sobre nuestras tarifas, ofertas y condiciones? \u00bfPodemos ayudarle? Ll\u00e1menos o env\u00edenos sus preguntas a trav\u00e9s del formulario\" \/>\n<meta property=\"og:url\" content=\"https:\/\/djosstourevent.com\/es\/contacto\/\" \/>\n<meta property=\"og:site_name\" content=\"DJOSSTOUR EVENT\" \/>\n<meta property=\"article:publisher\" content=\"https:\/\/www.facebook.com\/profile.php?id=61582422941550&amp;mibextid=wwXIfr&amp;rdid=k4tyv6bTb7itgLbI&amp;share_url=httpswww.facebook.comshare1FeTdsxMuzmibextidwwXIfr#\" \/>\n<meta property=\"article:modified_time\" content=\"2026-02-15T14:18:35+00:00\" \/>\n<meta property=\"og:image\" content=\"https:\/\/djosstourevent.com\/wp-content\/uploads\/2021\/05\/contact-banner-1024x427.jpg\" \/>\n<meta name=\"twitter:card\" content=\"summary_large_image\" \/>\n<meta name=\"twitter:title\" content=\"Contacto - Djosstour Event Tourisme - El \u00c1frica aut\u00e9ntica\" \/>\n<meta name=\"twitter:description\" content=\"Cont\u00e1ctenos \u00bfDesea saber m\u00e1s sobre nuestras tarifas, ofertas y condiciones? \u00bfPodemos ayudarle? Ll\u00e1menos o env\u00edenos sus preguntas a trav\u00e9s del formulario\" \/>\n<meta name=\"twitter:image\" content=\"https:\/\/djosstourevent.com\/wp-content\/uploads\/2021\/05\/contact-banner-1024x427.jpg\" \/>\n<meta name=\"twitter:site\" content=\"@djosstour_event\" \/>\n<script type=\"application\/ld+json\" class=\"yoast-schema-graph\">{\"@context\":\"https:\\\/\\\/schema.org\",\"@graph\":[{\"@type\":\"WebPage\",\"@id\":\"https:\\\/\\\/djosstourevent.com\\\/es\\\/contacto\\\/\",\"url\":\"https:\\\/\\\/djosstourevent.com\\\/es\\\/contacto\\\/\",\"name\":\"Contacto - Djosstour Event Tourisme - El \u00c1frica aut\u00e9ntica\",\"isPartOf\":{\"@id\":\"https:\\\/\\\/djosstourevent.com\\\/es\\\/#website\"},\"primaryImageOfPage\":{\"@id\":\"https:\\\/\\\/djosstourevent.com\\\/es\\\/contacto\\\/#primaryimage\"},\"image\":{\"@id\":\"https:\\\/\\\/djosstourevent.com\\\/es\\\/contacto\\\/#primaryimage\"},\"thumbnailUrl\":\"https:\\\/\\\/djosstourevent.com\\\/wp-content\\\/uploads\\\/2021\\\/05\\\/contact-banner.jpg\",\"datePublished\":\"2025-10-18T07:46:06+00:00\",\"dateModified\":\"2026-02-15T14:18:35+00:00\",\"description\":\"Cont\u00e1ctenos \u00bfDesea saber m\u00e1s sobre nuestras tarifas, ofertas y condiciones? \u00bfPodemos ayudarle? Ll\u00e1menos o env\u00edenos sus preguntas a trav\u00e9s del formulario\",\"breadcrumb\":{\"@id\":\"https:\\\/\\\/djosstourevent.com\\\/es\\\/contacto\\\/#breadcrumb\"},\"inLanguage\":\"es\",\"potentialAction\":[{\"@type\":\"ReadAction\",\"target\":[\"https:\\\/\\\/djosstourevent.com\\\/es\\\/contacto\\\/\"]}]},{\"@type\":\"ImageObject\",\"inLanguage\":\"es\",\"@id\":\"https:\\\/\\\/djosstourevent.com\\\/es\\\/contacto\\\/#primaryimage\",\"url\":\"https:\\\/\\\/djosstourevent.com\\\/wp-content\\\/uploads\\\/2021\\\/05\\\/contact-banner.jpg\",\"contentUrl\":\"https:\\\/\\\/djosstourevent.com\\\/wp-content\\\/uploads\\\/2021\\\/05\\\/contact-banner.jpg\",\"width\":1920,\"height\":800,\"caption\":\"Plage\"},{\"@type\":\"BreadcrumbList\",\"@id\":\"https:\\\/\\\/djosstourevent.com\\\/es\\\/contacto\\\/#breadcrumb\",\"itemListElement\":[{\"@type\":\"ListItem\",\"position\":1,\"name\":\"Home\",\"item\":\"https:\\\/\\\/djosstourevent.com\\\/es\\\/inicio\\\/\"},{\"@type\":\"ListItem\",\"position\":2,\"name\":\"Contacto\"}]},{\"@type\":\"WebSite\",\"@id\":\"https:\\\/\\\/djosstourevent.com\\\/es\\\/#website\",\"url\":\"https:\\\/\\\/djosstourevent.com\\\/es\\\/\",\"name\":\"Djosstour Event\",\"description\":\"Vivez L\u2019Afrique, Une Exp\u00e9rience Touristique Authentique\",\"publisher\":{\"@id\":\"https:\\\/\\\/djosstourevent.com\\\/es\\\/#organization\"},\"alternateName\":\"Djosstour Event\",\"potentialAction\":[{\"@type\":\"SearchAction\",\"target\":{\"@type\":\"EntryPoint\",\"urlTemplate\":\"https:\\\/\\\/djosstourevent.com\\\/es\\\/?s={search_term_string}\"},\"query-input\":{\"@type\":\"PropertyValueSpecification\",\"valueRequired\":true,\"valueName\":\"search_term_string\"}}],\"inLanguage\":\"es\"},{\"@type\":\"Organization\",\"@id\":\"https:\\\/\\\/djosstourevent.com\\\/es\\\/#organization\",\"name\":\"Djosstour Event Tourism\",\"alternateName\":\"Djosstour Event\",\"url\":\"https:\\\/\\\/djosstourevent.com\\\/es\\\/\",\"logo\":{\"@type\":\"ImageObject\",\"inLanguage\":\"es\",\"@id\":\"https:\\\/\\\/djosstourevent.com\\\/es\\\/#\\\/schema\\\/logo\\\/image\\\/\",\"url\":\"https:\\\/\\\/djosstourevent.com\\\/wp-content\\\/uploads\\\/2025\\\/10\\\/logo-1.jpeg\",\"contentUrl\":\"https:\\\/\\\/djosstourevent.com\\\/wp-content\\\/uploads\\\/2025\\\/10\\\/logo-1.jpeg\",\"width\":640,\"height\":640,\"caption\":\"Djosstour Event Tourism\"},\"image\":{\"@id\":\"https:\\\/\\\/djosstourevent.com\\\/es\\\/#\\\/schema\\\/logo\\\/image\\\/\"},\"sameAs\":[\"https:\\\/\\\/www.facebook.com\\\/profile.php?id=61582422941550&mibextid=wwXIfr&rdid=k4tyv6bTb7itgLbI&share_url=httpswww.facebook.comshare1FeTdsxMuzmibextidwwXIfr#\",\"https:\\\/\\\/x.com\\\/djosstour_event\",\"https:\\\/\\\/www.instagram.com\\\/djosstour_event_sarl?igsh=M3dkbmp1ZGZ3YzQy&utm_source=qr\",\"https:\\\/\\\/www.tiktok.com\\\/@djosstour.event.s?_t=ZN-90xq1sSNwqE&_r=1\"]}]}<\/script>\n<!-- \/ Yoast SEO plugin. -->","yoast_head_json":{"title":"Contacto - Djosstour Event Tourisme - El \u00c1frica aut\u00e9ntica","description":"Cont\u00e1ctenos \u00bfDesea saber m\u00e1s sobre nuestras tarifas, ofertas y condiciones? \u00bfPodemos ayudarle? Ll\u00e1menos o env\u00edenos sus preguntas a trav\u00e9s del formulario","robots":{"index":"index","follow":"follow","max-snippet":"max-snippet:-1","max-image-preview":"max-image-preview:large","max-video-preview":"max-video-preview:-1"},"canonical":"https:\/\/djosstourevent.com\/es\/contacto\/","og_locale":"es_ES","og_type":"article","og_title":"Contacto - Djosstour Event Tourisme - El \u00c1frica aut\u00e9ntica","og_description":"Cont\u00e1ctenos \u00bfDesea saber m\u00e1s sobre nuestras tarifas, ofertas y condiciones? \u00bfPodemos ayudarle? Ll\u00e1menos o env\u00edenos sus preguntas a trav\u00e9s del formulario","og_url":"https:\/\/djosstourevent.com\/es\/contacto\/","og_site_name":"DJOSSTOUR EVENT","article_publisher":"https:\/\/www.facebook.com\/profile.php?id=61582422941550&mibextid=wwXIfr&rdid=k4tyv6bTb7itgLbI&share_url=httpswww.facebook.comshare1FeTdsxMuzmibextidwwXIfr#","article_modified_time":"2026-02-15T14:18:35+00:00","og_image":[{"url":"https:\/\/djosstourevent.com\/wp-content\/uploads\/2021\/05\/contact-banner-1024x427.jpg","type":"","width":"","height":""}],"twitter_card":"summary_large_image","twitter_title":"Contacto - Djosstour Event Tourisme - El \u00c1frica aut\u00e9ntica","twitter_description":"Cont\u00e1ctenos \u00bfDesea saber m\u00e1s sobre nuestras tarifas, ofertas y condiciones? \u00bfPodemos ayudarle? Ll\u00e1menos o env\u00edenos sus preguntas a trav\u00e9s del formulario","twitter_image":"https:\/\/djosstourevent.com\/wp-content\/uploads\/2021\/05\/contact-banner-1024x427.jpg","twitter_site":"@djosstour_event","schema":{"@context":"https:\/\/schema.org","@graph":[{"@type":"WebPage","@id":"https:\/\/djosstourevent.com\/es\/contacto\/","url":"https:\/\/djosstourevent.com\/es\/contacto\/","name":"Contacto - Djosstour Event Tourisme - El \u00c1frica aut\u00e9ntica","isPartOf":{"@id":"https:\/\/djosstourevent.com\/es\/#website"},"primaryImageOfPage":{"@id":"https:\/\/djosstourevent.com\/es\/contacto\/#primaryimage"},"image":{"@id":"https:\/\/djosstourevent.com\/es\/contacto\/#primaryimage"},"thumbnailUrl":"https:\/\/djosstourevent.com\/wp-content\/uploads\/2021\/05\/contact-banner.jpg","datePublished":"2025-10-18T07:46:06+00:00","dateModified":"2026-02-15T14:18:35+00:00","description":"Cont\u00e1ctenos \u00bfDesea saber m\u00e1s sobre nuestras tarifas, ofertas y condiciones? \u00bfPodemos ayudarle? Ll\u00e1menos o env\u00edenos sus preguntas a trav\u00e9s del formulario","breadcrumb":{"@id":"https:\/\/djosstourevent.com\/es\/contacto\/#breadcrumb"},"inLanguage":"es","potentialAction":[{"@type":"ReadAction","target":["https:\/\/djosstourevent.com\/es\/contacto\/"]}]},{"@type":"ImageObject","inLanguage":"es","@id":"https:\/\/djosstourevent.com\/es\/contacto\/#primaryimage","url":"https:\/\/djosstourevent.com\/wp-content\/uploads\/2021\/05\/contact-banner.jpg","contentUrl":"https:\/\/djosstourevent.com\/wp-content\/uploads\/2021\/05\/contact-banner.jpg","width":1920,"height":800,"caption":"Plage"},{"@type":"BreadcrumbList","@id":"https:\/\/djosstourevent.com\/es\/contacto\/#breadcrumb","itemListElement":[{"@type":"ListItem","position":1,"name":"Home","item":"https:\/\/djosstourevent.com\/es\/inicio\/"},{"@type":"ListItem","position":2,"name":"Contacto"}]},{"@type":"WebSite","@id":"https:\/\/djosstourevent.com\/es\/#website","url":"https:\/\/djosstourevent.com\/es\/","name":"Djosstour Event","description":"Vivez L\u2019Afrique, Une Exp\u00e9rience Touristique Authentique","publisher":{"@id":"https:\/\/djosstourevent.com\/es\/#organization"},"alternateName":"Djosstour Event","potentialAction":[{"@type":"SearchAction","target":{"@type":"EntryPoint","urlTemplate":"https:\/\/djosstourevent.com\/es\/?s={search_term_string}"},"query-input":{"@type":"PropertyValueSpecification","valueRequired":true,"valueName":"search_term_string"}}],"inLanguage":"es"},{"@type":"Organization","@id":"https:\/\/djosstourevent.com\/es\/#organization","name":"Djosstour Event Tourism","alternateName":"Djosstour Event","url":"https:\/\/djosstourevent.com\/es\/","logo":{"@type":"ImageObject","inLanguage":"es","@id":"https:\/\/djosstourevent.com\/es\/#\/schema\/logo\/image\/","url":"https:\/\/djosstourevent.com\/wp-content\/uploads\/2025\/10\/logo-1.jpeg","contentUrl":"https:\/\/djosstourevent.com\/wp-content\/uploads\/2025\/10\/logo-1.jpeg","width":640,"height":640,"caption":"Djosstour Event Tourism"},"image":{"@id":"https:\/\/djosstourevent.com\/es\/#\/schema\/logo\/image\/"},"sameAs":["https:\/\/www.facebook.com\/profile.php?id=61582422941550&mibextid=wwXIfr&rdid=k4tyv6bTb7itgLbI&share_url=httpswww.facebook.comshare1FeTdsxMuzmibextidwwXIfr#","https:\/\/x.com\/djosstour_event","https:\/\/www.instagram.com\/djosstour_event_sarl?igsh=M3dkbmp1ZGZ3YzQy&utm_source=qr","https:\/\/www.tiktok.com\/@djosstour.event.s?_t=ZN-90xq1sSNwqE&_r=1"]}]}},"jetpack_sharing_enabled":true,"_links":{"self":[{"href":"https:\/\/djosstourevent.com\/es\/wp-json\/wp\/v2\/pages\/970","targetHints":{"allow":["GET"]}}],"collection":[{"href":"https:\/\/djosstourevent.com\/es\/wp-json\/wp\/v2\/pages"}],"about":[{"href":"https:\/\/djosstourevent.com\/es\/wp-json\/wp\/v2\/types\/page"}],"author":[{"embeddable":true,"href":"https:\/\/djosstourevent.com\/es\/wp-json\/wp\/v2\/users\/1"}],"replies":[{"embeddable":true,"href":"https:\/\/djosstourevent.com\/es\/wp-json\/wp\/v2\/comments?post=970"}],"version-history":[{"count":0,"href":"https:\/\/djosstourevent.com\/es\/wp-json\/wp\/v2\/pages\/970\/revisions"}],"wp:featuredmedia":[{"embeddable":true,"href":"https:\/\/djosstourevent.com\/es\/wp-json\/wp\/v2\/media\/972"}],"wp:attachment":[{"href":"https:\/\/djosstourevent.com\/es\/wp-json\/wp\/v2\/media?parent=970"}],"curies":[{"name":"wp","href":"https:\/\/api.w.org\/{rel}","templated":true}]}}