{"id":1084,"date":"2025-10-18T09:56:33","date_gmt":"2025-10-18T08:56:33","guid":{"rendered":"https:\/\/djosstourevent.wpenginepowered.com\/galeria\/"},"modified":"2025-11-16T15:55:50","modified_gmt":"2025-11-16T14:55:50","slug":"galeria","status":"publish","type":"page","link":"https:\/\/djosstourevent.com\/es\/galeria\/","title":{"rendered":"Galer\u00eda"},"content":{"rendered":"\t\t<div data-elementor-type=\"wp-page\" data-elementor-id=\"1084\" class=\"elementor elementor-1084 elementor-788\">\n\t\t\t\t<div class=\"elementor-element elementor-element-4d61077 e-flex e-con-boxed e-con e-parent\" data-id=\"4d61077\" data-element_type=\"container\" data-e-type=\"container\">\n\t\t\t\t\t<div class=\"e-con-inner\">\n\t\t<div class=\"elementor-element elementor-element-b972db8 e-con-full e-flex e-con e-child\" data-id=\"b972db8\" data-element_type=\"container\" data-e-type=\"container\">\n\t\t\t\t<div class=\"elementor-element elementor-element-0433cdc elementor-widget elementor-widget-heading\" data-id=\"0433cdc\" data-element_type=\"widget\" data-e-type=\"widget\" data-widget_type=\"heading.default\">\n\t\t\t\t<div class=\"elementor-widget-container\">\n\t\t\t\t\t<h2 class=\"elementor-heading-title elementor-size-default\">Monumento AMAZONE<\/h2>\t\t\t\t<\/div>\n\t\t\t\t<\/div>\n\t\t\t\t<div class=\"elementor-element elementor-element-ca50bb4 elementor-widget elementor-widget-image\" data-id=\"ca50bb4\" data-element_type=\"widget\" data-e-type=\"widget\" data-widget_type=\"image.default\">\n\t\t\t\t<div class=\"elementor-widget-container\">\n\t\t\t\t\t\t\t\t\t\t\t\t\t\t\t<img fetchpriority=\"high\" decoding=\"async\" width=\"900\" height=\"1024\" src=\"https:\/\/djosstourevent.com\/wp-content\/uploads\/2025\/10\/Amazonee-scaled-e1760797121814-900x1024.png\" class=\"attachment-large size-large wp-image-1085\" alt=\"Statut amazone\" srcset=\"https:\/\/djosstourevent.com\/wp-content\/uploads\/2025\/10\/Amazonee-scaled-e1760797121814-900x1024.png 900w, https:\/\/djosstourevent.com\/wp-content\/uploads\/2025\/10\/Amazonee-scaled-e1760797121814-600x682.png 600w, https:\/\/djosstourevent.com\/wp-content\/uploads\/2025\/10\/Amazonee-scaled-e1760797121814-264x300.png 264w, https:\/\/djosstourevent.com\/wp-content\/uploads\/2025\/10\/Amazonee-scaled-e1760797121814-768x873.png 768w, https:\/\/djosstourevent.com\/wp-content\/uploads\/2025\/10\/Amazonee-scaled-e1760797121814-1351x1536.png 1351w, https:\/\/djosstourevent.com\/wp-content\/uploads\/2025\/10\/Amazonee-scaled-e1760797121814-1801x2048.png 1801w, https:\/\/djosstourevent.com\/wp-content\/uploads\/2025\/10\/Amazonee-scaled-e1760797121814.png 2018w\" sizes=\"(max-width: 900px) 100vw, 900px\" \/>\t\t\t\t\t\t\t\t\t\t\t\t\t\t\t<\/div>\n\t\t\t\t<\/div>\n\t\t\t\t<\/div>\n\t\t<div class=\"elementor-element elementor-element-20fd37a e-con-full e-flex e-con e-child\" data-id=\"20fd37a\" data-element_type=\"container\" data-e-type=\"container\">\n\t\t\t\t<div class=\"elementor-element elementor-element-4c160eb elementor-widget elementor-widget-heading\" data-id=\"4c160eb\" data-element_type=\"widget\" data-e-type=\"widget\" data-widget_type=\"heading.default\">\n\t\t\t\t<div class=\"elementor-widget-container\">\n\t\t\t\t\t<h6 class=\"elementor-heading-title elementor-size-default\">Altura: 30 metros sin incluir el pedestal <br>Peso: 150 toneladas <br>Estructura: met\u00e1lica <br>Revestimiento: de bronce <br>Espacio p\u00fablico: Explanada de la Amazona<\/h6>\t\t\t\t<\/div>\n\t\t\t\t<\/div>\n\t\t\t\t<div class=\"elementor-element elementor-element-26f0701 elementor-widget elementor-widget-heading\" data-id=\"26f0701\" data-element_type=\"widget\" data-e-type=\"widget\" data-widget_type=\"heading.default\">\n\t\t\t\t<div class=\"elementor-widget-container\">\n\t\t\t\t\t<h5 class=\"elementor-heading-title elementor-size-default\">La Amazona representa:\nuna fuerza femenina hist\u00f3rica que debe servir de referencia a las generaciones actuales y futuras de Ben\u00edn;\nun s\u00edmbolo de la historia de Ben\u00edn y de la epopeya de los ilustres personajes;\nuna fuente de orgullo y un impulso patri\u00f3tico para todos los benineses;\nun inter\u00e9s por la reapropiaci\u00f3n del s\u00edmbolo identitario fuerte de la mujer beninesa;\nuna perpetuaci\u00f3n en el contexto nacional moderno del papel determinante de la mujer en la cultura y en la historia del pueblo benin\u00e9s;\nLa estatua de la Amazona simboliza valores que inspirar\u00e1n a las mujeres y a los hombres de Ben\u00edn:\ncoraje;\nbravura;\npatriotismo.<\/h5>\t\t\t\t<\/div>\n\t\t\t\t<\/div>\n\t\t\t\t<\/div>\n\t\t\t\t\t<\/div>\n\t\t\t\t<\/div>\n\t\t<div class=\"elementor-element elementor-element-d0e1325 e-flex e-con-boxed e-con e-parent\" data-id=\"d0e1325\" data-element_type=\"container\" data-e-type=\"container\">\n\t\t\t\t\t<div class=\"e-con-inner\">\n\t\t<div class=\"elementor-element elementor-element-1ab0883 e-con-full e-flex e-con e-child\" data-id=\"1ab0883\" data-element_type=\"container\" data-e-type=\"container\">\n\t\t\t\t<div class=\"elementor-element elementor-element-b7b7929 elementor-widget elementor-widget-heading\" data-id=\"b7b7929\" data-element_type=\"widget\" data-e-type=\"widget\" data-widget_type=\"heading.default\">\n\t\t\t\t<div class=\"elementor-widget-container\">\n\t\t\t\t\t<h2 class=\"elementor-heading-title elementor-size-default\">Monumento BIO GUERA<\/h2>\t\t\t\t<\/div>\n\t\t\t\t<\/div>\n\t\t\t\t<div class=\"elementor-element elementor-element-cce49b1 elementor-widget elementor-widget-image\" data-id=\"cce49b1\" data-element_type=\"widget\" data-e-type=\"widget\" data-widget_type=\"image.default\">\n\t\t\t\t<div class=\"elementor-widget-container\">\n\t\t\t\t\t\t\t\t\t\t\t\t\t\t\t<img decoding=\"async\" width=\"808\" height=\"1024\" src=\"https:\/\/djosstourevent.com\/wp-content\/uploads\/2025\/10\/bio-guera-808x1024.png\" class=\"attachment-large size-large wp-image-1086\" alt=\"\" srcset=\"https:\/\/djosstourevent.com\/wp-content\/uploads\/2025\/10\/bio-guera-808x1024.png 808w, https:\/\/djosstourevent.com\/wp-content\/uploads\/2025\/10\/bio-guera-scaled-600x761.png 600w, https:\/\/djosstourevent.com\/wp-content\/uploads\/2025\/10\/bio-guera-237x300.png 237w, https:\/\/djosstourevent.com\/wp-content\/uploads\/2025\/10\/bio-guera-768x974.png 768w, https:\/\/djosstourevent.com\/wp-content\/uploads\/2025\/10\/bio-guera-1211x1536.png 1211w, https:\/\/djosstourevent.com\/wp-content\/uploads\/2025\/10\/bio-guera-1615x2048.png 1615w, https:\/\/djosstourevent.com\/wp-content\/uploads\/2025\/10\/bio-guera-scaled.png 2019w\" sizes=\"(max-width: 808px) 100vw, 808px\" \/>\t\t\t\t\t\t\t\t\t\t\t\t\t\t\t<\/div>\n\t\t\t\t<\/div>\n\t\t\t\t<\/div>\n\t\t<div class=\"elementor-element elementor-element-f785fa7 e-con-full e-flex e-con e-child\" data-id=\"f785fa7\" data-element_type=\"container\" data-e-type=\"container\">\n\t\t\t\t<div class=\"elementor-element elementor-element-94f9490 elementor-widget elementor-widget-heading\" data-id=\"94f9490\" data-element_type=\"widget\" data-e-type=\"widget\" data-widget_type=\"heading.default\">\n\t\t\t\t<div class=\"elementor-widget-container\">\n\t\t\t\t\t<h5 class=\"elementor-heading-title elementor-size-default\">Altura: 10 metros (7 metros sin incluir el pedestal)<br>Anchura: 3 metros <br>Peso: 13 toneladas <br>Estructura: Acero que reposa sobre un macizo de hormig\u00f3n armado <br>Revestimiento: fundici\u00f3n (cobre T3), espesor 5 mm<\/h5>\t\t\t\t<\/div>\n\t\t\t\t<\/div>\n\t\t\t\t<div class=\"elementor-element elementor-element-ade9313 elementor-widget elementor-widget-heading\" data-id=\"ade9313\" data-element_type=\"widget\" data-e-type=\"widget\" data-widget_type=\"heading.default\">\n\t\t\t\t<div class=\"elementor-widget-container\">\n\t\t\t\t\t<h5 class=\"elementor-heading-title elementor-size-default\">Un mensaje a los visitantes del pa\u00eds sobre el s\u00edmbolo de apego del pueblo benin\u00e9s a la defensa de las causas nobles, de su libertad y de su soberan\u00eda;\nDimensi\u00f3n nacional del personaje (m\u00e1s all\u00e1 de su entorno de origen);\nPuesta en relieve de los elementos patrimoniales\nValores de referencia:\nTemeridad;\nCoraje;\nDignidad;\nIntegridad.<\/h5>\t\t\t\t<\/div>\n\t\t\t\t<\/div>\n\t\t\t\t<\/div>\n\t\t\t\t\t<\/div>\n\t\t\t\t<\/div>\n\t\t\t\t<\/div>\n\t\t","protected":false},"excerpt":{"rendered":"<p>Monumento AMAZONE Altura: 30 metros sin incluir el pedestal Peso: 150 toneladas Estructura: met\u00e1lica Revestimiento: de bronce Espacio p\u00fablico: Explanada de la Amazona La Amazona representa: una fuerza femenina hist\u00f3rica que debe servir de referencia a las generaciones actuales y futuras de Ben\u00edn; un s\u00edmbolo de la historia de Ben\u00edn y de la epopeya de [&hellip;]<\/p>\n","protected":false},"author":1,"featured_media":1155,"parent":0,"menu_order":0,"comment_status":"closed","ping_status":"closed","template":"","meta":{"site-sidebar-layout":"no-sidebar","site-content-layout":"page-builder","ast-site-content-layout":"full-width-container","site-content-style":"default","site-sidebar-style":"default","ast-global-header-display":"","ast-banner-title-visibility":"","ast-main-header-display":"","ast-hfb-above-header-display":"","ast-hfb-below-header-display":"","ast-hfb-mobile-header-display":"","site-post-title":"","ast-breadcrumbs-content":"","ast-featured-img":"disabled","footer-sml-layout":"","ast-disable-related-posts":"","theme-transparent-header-meta":"","adv-header-id-meta":"","stick-header-meta":"","header-above-stick-meta":"","header-main-stick-meta":"","header-below-stick-meta":"","astra-migrate-meta-layouts":"default","ast-page-background-enabled":"default","ast-page-background-meta":{"desktop":{"background-color":"","background-image":"","background-repeat":"repeat","background-position":"center center","background-size":"auto","background-attachment":"scroll","background-type":"","background-media":"","overlay-type":"","overlay-color":"","overlay-opacity":"","overlay-gradient":""},"tablet":{"background-color":"","background-image":"","background-repeat":"repeat","background-position":"center center","background-size":"auto","background-attachment":"scroll","background-type":"","background-media":"","overlay-type":"","overlay-color":"","overlay-opacity":"","overlay-gradient":""},"mobile":{"background-color":"","background-image":"","background-repeat":"repeat","background-position":"center center","background-size":"auto","background-attachment":"scroll","background-type":"","background-media":"","overlay-type":"","overlay-color":"","overlay-opacity":"","overlay-gradient":""}},"ast-content-background-meta":{"desktop":{"background-color":"var(--ast-global-color-5)","background-image":"","background-repeat":"repeat","background-position":"center center","background-size":"auto","background-attachment":"scroll","background-type":"","background-media":"","overlay-type":"","overlay-color":"","overlay-opacity":"","overlay-gradient":""},"tablet":{"background-color":"var(--ast-global-color-5)","background-image":"","background-repeat":"repeat","background-position":"center center","background-size":"auto","background-attachment":"scroll","background-type":"","background-media":"","overlay-type":"","overlay-color":"","overlay-opacity":"","overlay-gradient":""},"mobile":{"background-color":"var(--ast-global-color-5)","background-image":"","background-repeat":"repeat","background-position":"center center","background-size":"auto","background-attachment":"scroll","background-type":"","background-media":"","overlay-type":"","overlay-color":"","overlay-opacity":"","overlay-gradient":""}},"footnotes":""},"class_list":["post-1084","page","type-page","status-publish","has-post-thumbnail","hentry"],"yoast_head":"<!-- This site is optimized with the Yoast SEO plugin v27.4 - https:\/\/yoast.com\/product\/yoast-seo-wordpress\/ -->\n<title>Galer\u00eda - DJOSSTOUR EVENT - Monumentos y Explanadas de Ben\u00edn<\/title>\n<meta name=\"description\" content=\"Monumento AMAZONE Altura: 30 metros sin incluir el pedestal Peso: 150 toneladas Estructura: met\u00e1lica Revestimiento: de bronce Espacio p\u00fablico: Explanada\" \/>\n<meta name=\"robots\" content=\"index, follow, max-snippet:-1, max-image-preview:large, max-video-preview:-1\" \/>\n<link rel=\"canonical\" href=\"https:\/\/djosstourevent.com\/es\/galeria\/\" \/>\n<meta property=\"og:locale\" content=\"es_ES\" \/>\n<meta property=\"og:type\" content=\"article\" \/>\n<meta property=\"og:title\" content=\"Galer\u00eda - DJOSSTOUR EVENT - Monumentos y Explanadas de Ben\u00edn\" \/>\n<meta property=\"og:description\" content=\"Monumento AMAZONE Altura: 30 metros sin incluir el pedestal Peso: 150 toneladas Estructura: met\u00e1lica Revestimiento: de bronce Espacio p\u00fablico: Explanada\" \/>\n<meta property=\"og:url\" content=\"https:\/\/djosstourevent.com\/es\/galeria\/\" \/>\n<meta property=\"og:site_name\" content=\"DJOSSTOUR EVENT\" \/>\n<meta property=\"article:publisher\" content=\"https:\/\/www.facebook.com\/profile.php?id=61582422941550&amp;mibextid=wwXIfr&amp;rdid=k4tyv6bTb7itgLbI&amp;share_url=httpswww.facebook.comshare1FeTdsxMuzmibextidwwXIfr#\" \/>\n<meta property=\"article:modified_time\" content=\"2025-11-16T14:55:50+00:00\" \/>\n<meta property=\"og:image\" content=\"https:\/\/djosstourevent.com\/wp-content\/uploads\/2025\/10\/bio-guera-237x300.png\" \/>\n<meta name=\"twitter:card\" content=\"summary_large_image\" \/>\n<meta name=\"twitter:title\" content=\"Galer\u00eda - DJOSSTOUR EVENT - Monumentos y Explanadas de Ben\u00edn\" \/>\n<meta name=\"twitter:description\" content=\"Monumento AMAZONE Altura: 30 metros sin incluir el pedestal Peso: 150 toneladas Estructura: met\u00e1lica Revestimiento: de bronce Espacio p\u00fablico: Explanada\" \/>\n<meta name=\"twitter:image\" content=\"https:\/\/djosstourevent.com\/wp-content\/uploads\/2025\/10\/bio-guera-808x1024.png\" \/>\n<meta name=\"twitter:site\" content=\"@djosstour_event\" \/>\n<meta name=\"twitter:label1\" content=\"Tiempo de lectura\" \/>\n\t<meta name=\"twitter:data1\" content=\"1 minuto\" \/>\n<script type=\"application\/ld+json\" class=\"yoast-schema-graph\">{\"@context\":\"https:\\\/\\\/schema.org\",\"@graph\":[{\"@type\":\"WebPage\",\"@id\":\"https:\\\/\\\/djosstourevent.com\\\/es\\\/galeria\\\/\",\"url\":\"https:\\\/\\\/djosstourevent.com\\\/es\\\/galeria\\\/\",\"name\":\"Galer\u00eda - DJOSSTOUR EVENT - Monumentos y Explanadas de Ben\u00edn\",\"isPartOf\":{\"@id\":\"https:\\\/\\\/djosstourevent.com\\\/es\\\/#website\"},\"primaryImageOfPage\":{\"@id\":\"https:\\\/\\\/djosstourevent.com\\\/es\\\/galeria\\\/#primaryimage\"},\"image\":{\"@id\":\"https:\\\/\\\/djosstourevent.com\\\/es\\\/galeria\\\/#primaryimage\"},\"thumbnailUrl\":\"https:\\\/\\\/djosstourevent.com\\\/wp-content\\\/uploads\\\/2025\\\/11\\\/bio-guera-1.jpg\",\"datePublished\":\"2025-10-18T08:56:33+00:00\",\"dateModified\":\"2025-11-16T14:55:50+00:00\",\"description\":\"Monumento AMAZONE Altura: 30 metros sin incluir el pedestal Peso: 150 toneladas Estructura: met\u00e1lica Revestimiento: de bronce Espacio p\u00fablico: Explanada\",\"breadcrumb\":{\"@id\":\"https:\\\/\\\/djosstourevent.com\\\/es\\\/galeria\\\/#breadcrumb\"},\"inLanguage\":\"es\",\"potentialAction\":[{\"@type\":\"ReadAction\",\"target\":[\"https:\\\/\\\/djosstourevent.com\\\/es\\\/galeria\\\/\"]}]},{\"@type\":\"ImageObject\",\"inLanguage\":\"es\",\"@id\":\"https:\\\/\\\/djosstourevent.com\\\/es\\\/galeria\\\/#primaryimage\",\"url\":\"https:\\\/\\\/djosstourevent.com\\\/wp-content\\\/uploads\\\/2025\\\/11\\\/bio-guera-1.jpg\",\"contentUrl\":\"https:\\\/\\\/djosstourevent.com\\\/wp-content\\\/uploads\\\/2025\\\/11\\\/bio-guera-1.jpg\",\"width\":1600,\"height\":1066},{\"@type\":\"BreadcrumbList\",\"@id\":\"https:\\\/\\\/djosstourevent.com\\\/es\\\/galeria\\\/#breadcrumb\",\"itemListElement\":[{\"@type\":\"ListItem\",\"position\":1,\"name\":\"Home\",\"item\":\"https:\\\/\\\/djosstourevent.com\\\/es\\\/inicio\\\/\"},{\"@type\":\"ListItem\",\"position\":2,\"name\":\"Galer\u00eda\"}]},{\"@type\":\"WebSite\",\"@id\":\"https:\\\/\\\/djosstourevent.com\\\/es\\\/#website\",\"url\":\"https:\\\/\\\/djosstourevent.com\\\/es\\\/\",\"name\":\"Djosstour Event\",\"description\":\"Vivez L\u2019Afrique, Une Exp\u00e9rience Touristique Authentique\",\"publisher\":{\"@id\":\"https:\\\/\\\/djosstourevent.com\\\/es\\\/#organization\"},\"alternateName\":\"Djosstour Event\",\"potentialAction\":[{\"@type\":\"SearchAction\",\"target\":{\"@type\":\"EntryPoint\",\"urlTemplate\":\"https:\\\/\\\/djosstourevent.com\\\/es\\\/?s={search_term_string}\"},\"query-input\":{\"@type\":\"PropertyValueSpecification\",\"valueRequired\":true,\"valueName\":\"search_term_string\"}}],\"inLanguage\":\"es\"},{\"@type\":\"Organization\",\"@id\":\"https:\\\/\\\/djosstourevent.com\\\/es\\\/#organization\",\"name\":\"Djosstour Event Tourism\",\"alternateName\":\"Djosstour Event\",\"url\":\"https:\\\/\\\/djosstourevent.com\\\/es\\\/\",\"logo\":{\"@type\":\"ImageObject\",\"inLanguage\":\"es\",\"@id\":\"https:\\\/\\\/djosstourevent.com\\\/es\\\/#\\\/schema\\\/logo\\\/image\\\/\",\"url\":\"https:\\\/\\\/djosstourevent.com\\\/wp-content\\\/uploads\\\/2025\\\/10\\\/logo-1.jpeg\",\"contentUrl\":\"https:\\\/\\\/djosstourevent.com\\\/wp-content\\\/uploads\\\/2025\\\/10\\\/logo-1.jpeg\",\"width\":640,\"height\":640,\"caption\":\"Djosstour Event Tourism\"},\"image\":{\"@id\":\"https:\\\/\\\/djosstourevent.com\\\/es\\\/#\\\/schema\\\/logo\\\/image\\\/\"},\"sameAs\":[\"https:\\\/\\\/www.facebook.com\\\/profile.php?id=61582422941550&mibextid=wwXIfr&rdid=k4tyv6bTb7itgLbI&share_url=httpswww.facebook.comshare1FeTdsxMuzmibextidwwXIfr#\",\"https:\\\/\\\/x.com\\\/djosstour_event\",\"https:\\\/\\\/www.instagram.com\\\/djosstour_event_sarl?igsh=M3dkbmp1ZGZ3YzQy&utm_source=qr\",\"https:\\\/\\\/www.tiktok.com\\\/@djosstour.event.s?_t=ZN-90xq1sSNwqE&_r=1\"]}]}<\/script>\n<!-- \/ Yoast SEO plugin. -->","yoast_head_json":{"title":"Galer\u00eda - DJOSSTOUR EVENT - Monumentos y Explanadas de Ben\u00edn","description":"Monumento AMAZONE Altura: 30 metros sin incluir el pedestal Peso: 150 toneladas Estructura: met\u00e1lica Revestimiento: de bronce Espacio p\u00fablico: Explanada","robots":{"index":"index","follow":"follow","max-snippet":"max-snippet:-1","max-image-preview":"max-image-preview:large","max-video-preview":"max-video-preview:-1"},"canonical":"https:\/\/djosstourevent.com\/es\/galeria\/","og_locale":"es_ES","og_type":"article","og_title":"Galer\u00eda - DJOSSTOUR EVENT - Monumentos y Explanadas de Ben\u00edn","og_description":"Monumento AMAZONE Altura: 30 metros sin incluir el pedestal Peso: 150 toneladas Estructura: met\u00e1lica Revestimiento: de bronce Espacio p\u00fablico: Explanada","og_url":"https:\/\/djosstourevent.com\/es\/galeria\/","og_site_name":"DJOSSTOUR EVENT","article_publisher":"https:\/\/www.facebook.com\/profile.php?id=61582422941550&mibextid=wwXIfr&rdid=k4tyv6bTb7itgLbI&share_url=httpswww.facebook.comshare1FeTdsxMuzmibextidwwXIfr#","article_modified_time":"2025-11-16T14:55:50+00:00","og_image":[{"url":"https:\/\/djosstourevent.com\/wp-content\/uploads\/2025\/10\/bio-guera-237x300.png","type":"","width":"","height":""}],"twitter_card":"summary_large_image","twitter_title":"Galer\u00eda - DJOSSTOUR EVENT - Monumentos y Explanadas de Ben\u00edn","twitter_description":"Monumento AMAZONE Altura: 30 metros sin incluir el pedestal Peso: 150 toneladas Estructura: met\u00e1lica Revestimiento: de bronce Espacio p\u00fablico: Explanada","twitter_image":"https:\/\/djosstourevent.com\/wp-content\/uploads\/2025\/10\/bio-guera-808x1024.png","twitter_site":"@djosstour_event","twitter_misc":{"Tiempo de lectura":"1 minuto"},"schema":{"@context":"https:\/\/schema.org","@graph":[{"@type":"WebPage","@id":"https:\/\/djosstourevent.com\/es\/galeria\/","url":"https:\/\/djosstourevent.com\/es\/galeria\/","name":"Galer\u00eda - DJOSSTOUR EVENT - Monumentos y Explanadas de Ben\u00edn","isPartOf":{"@id":"https:\/\/djosstourevent.com\/es\/#website"},"primaryImageOfPage":{"@id":"https:\/\/djosstourevent.com\/es\/galeria\/#primaryimage"},"image":{"@id":"https:\/\/djosstourevent.com\/es\/galeria\/#primaryimage"},"thumbnailUrl":"https:\/\/djosstourevent.com\/wp-content\/uploads\/2025\/11\/bio-guera-1.jpg","datePublished":"2025-10-18T08:56:33+00:00","dateModified":"2025-11-16T14:55:50+00:00","description":"Monumento AMAZONE Altura: 30 metros sin incluir el pedestal Peso: 150 toneladas Estructura: met\u00e1lica Revestimiento: de bronce Espacio p\u00fablico: Explanada","breadcrumb":{"@id":"https:\/\/djosstourevent.com\/es\/galeria\/#breadcrumb"},"inLanguage":"es","potentialAction":[{"@type":"ReadAction","target":["https:\/\/djosstourevent.com\/es\/galeria\/"]}]},{"@type":"ImageObject","inLanguage":"es","@id":"https:\/\/djosstourevent.com\/es\/galeria\/#primaryimage","url":"https:\/\/djosstourevent.com\/wp-content\/uploads\/2025\/11\/bio-guera-1.jpg","contentUrl":"https:\/\/djosstourevent.com\/wp-content\/uploads\/2025\/11\/bio-guera-1.jpg","width":1600,"height":1066},{"@type":"BreadcrumbList","@id":"https:\/\/djosstourevent.com\/es\/galeria\/#breadcrumb","itemListElement":[{"@type":"ListItem","position":1,"name":"Home","item":"https:\/\/djosstourevent.com\/es\/inicio\/"},{"@type":"ListItem","position":2,"name":"Galer\u00eda"}]},{"@type":"WebSite","@id":"https:\/\/djosstourevent.com\/es\/#website","url":"https:\/\/djosstourevent.com\/es\/","name":"Djosstour Event","description":"Vivez L\u2019Afrique, Une Exp\u00e9rience Touristique Authentique","publisher":{"@id":"https:\/\/djosstourevent.com\/es\/#organization"},"alternateName":"Djosstour Event","potentialAction":[{"@type":"SearchAction","target":{"@type":"EntryPoint","urlTemplate":"https:\/\/djosstourevent.com\/es\/?s={search_term_string}"},"query-input":{"@type":"PropertyValueSpecification","valueRequired":true,"valueName":"search_term_string"}}],"inLanguage":"es"},{"@type":"Organization","@id":"https:\/\/djosstourevent.com\/es\/#organization","name":"Djosstour Event Tourism","alternateName":"Djosstour Event","url":"https:\/\/djosstourevent.com\/es\/","logo":{"@type":"ImageObject","inLanguage":"es","@id":"https:\/\/djosstourevent.com\/es\/#\/schema\/logo\/image\/","url":"https:\/\/djosstourevent.com\/wp-content\/uploads\/2025\/10\/logo-1.jpeg","contentUrl":"https:\/\/djosstourevent.com\/wp-content\/uploads\/2025\/10\/logo-1.jpeg","width":640,"height":640,"caption":"Djosstour Event Tourism"},"image":{"@id":"https:\/\/djosstourevent.com\/es\/#\/schema\/logo\/image\/"},"sameAs":["https:\/\/www.facebook.com\/profile.php?id=61582422941550&mibextid=wwXIfr&rdid=k4tyv6bTb7itgLbI&share_url=httpswww.facebook.comshare1FeTdsxMuzmibextidwwXIfr#","https:\/\/x.com\/djosstour_event","https:\/\/www.instagram.com\/djosstour_event_sarl?igsh=M3dkbmp1ZGZ3YzQy&utm_source=qr","https:\/\/www.tiktok.com\/@djosstour.event.s?_t=ZN-90xq1sSNwqE&_r=1"]}]}},"jetpack_sharing_enabled":true,"_links":{"self":[{"href":"https:\/\/djosstourevent.com\/es\/wp-json\/wp\/v2\/pages\/1084","targetHints":{"allow":["GET"]}}],"collection":[{"href":"https:\/\/djosstourevent.com\/es\/wp-json\/wp\/v2\/pages"}],"about":[{"href":"https:\/\/djosstourevent.com\/es\/wp-json\/wp\/v2\/types\/page"}],"author":[{"embeddable":true,"href":"https:\/\/djosstourevent.com\/es\/wp-json\/wp\/v2\/users\/1"}],"replies":[{"embeddable":true,"href":"https:\/\/djosstourevent.com\/es\/wp-json\/wp\/v2\/comments?post=1084"}],"version-history":[{"count":0,"href":"https:\/\/djosstourevent.com\/es\/wp-json\/wp\/v2\/pages\/1084\/revisions"}],"wp:featuredmedia":[{"embeddable":true,"href":"https:\/\/djosstourevent.com\/es\/wp-json\/wp\/v2\/media\/1155"}],"wp:attachment":[{"href":"https:\/\/djosstourevent.com\/es\/wp-json\/wp\/v2\/media?parent=1084"}],"curies":[{"name":"wp","href":"https:\/\/api.w.org\/{rel}","templated":true}]}}