{"id":1077,"date":"2025-10-29T17:13:31","date_gmt":"2025-10-29T16:13:31","guid":{"rendered":"https:\/\/djosstourevent.wpenginepowered.com\/e-visa-benin\/"},"modified":"2026-03-22T05:23:45","modified_gmt":"2026-03-22T04:23:45","slug":"e-visa-benin","status":"publish","type":"page","link":"https:\/\/djosstourevent.com\/es\/e-visa-benin\/","title":{"rendered":"E-visa BENIN"},"content":{"rendered":"\t\t<div data-elementor-type=\"wp-page\" data-elementor-id=\"1077\" class=\"elementor elementor-1077 elementor-936\">\n\t\t\t\t<div class=\"elementor-element elementor-element-9c41405 e-flex e-con-boxed e-con e-parent\" data-id=\"9c41405\" data-element_type=\"container\" data-e-type=\"container\">\n\t\t\t\t\t<div class=\"e-con-inner\">\n\t\t<div class=\"elementor-element elementor-element-c8cba2c e-con-full e-flex e-con e-child\" data-id=\"c8cba2c\" data-element_type=\"container\" data-e-type=\"container\">\n\t\t\t\t<div class=\"elementor-element elementor-element-300b1d1 elementor-widget elementor-widget-image\" data-id=\"300b1d1\" data-element_type=\"widget\" data-e-type=\"widget\" data-widget_type=\"image.default\">\n\t\t\t\t<div class=\"elementor-widget-container\">\n\t\t\t\t\t\t\t\t\t\t\t\t\t\t\t<img fetchpriority=\"high\" decoding=\"async\" width=\"400\" height=\"224\" src=\"https:\/\/djosstourevent.com\/wp-content\/uploads\/2025\/10\/logo-evisa-benin-visa-electronique-4131096705.jpg\" class=\"attachment-large size-large wp-image-1078\" alt=\"Eventos y Viajes con Djosstour Event - Visa\" srcset=\"https:\/\/djosstourevent.com\/wp-content\/uploads\/2025\/10\/logo-evisa-benin-visa-electronique-4131096705.jpg 400w, https:\/\/djosstourevent.com\/wp-content\/uploads\/2025\/10\/logo-evisa-benin-visa-electronique-4131096705-300x168.jpg 300w\" sizes=\"(max-width: 400px) 100vw, 400px\" \/>\t\t\t\t\t\t\t\t\t\t\t\t\t\t\t<\/div>\n\t\t\t\t<\/div>\n\t\t\t\t<div class=\"elementor-element elementor-element-86016df elementor-widget elementor-widget-text-editor\" data-id=\"86016df\" data-element_type=\"widget\" data-e-type=\"widget\" data-widget_type=\"text-editor.default\">\n\t\t\t\t<div class=\"elementor-widget-container\">\n\t\t\t\t\t\t\t\t\t<p>El e-visado BENIN es un visado electr\u00f3nico que permite a los viajeros entrar en el territorio benin\u00e9s para estancias tur\u00edsticas, de negocios o de tr\u00e1nsito.<br>Sencillo, r\u00e1pido y completamente en l\u00ednea, sustituye la solicitud de visado tradicional en la embajada.<br>Gracias a este procedimiento digitalizado, puede obtener su autorizaci\u00f3n de viaje sin necesidad de desplazarse, en tan solo unos pocos pasos.<\/p><p>Puntos esenciales a tener en cuenta:<\/p><p>&#8211; La solicitud se realiza en el sitio web oficial del gobierno benin\u00e9s.<br>&#8211; El procesamiento suele tardar de 24 a 72 horas. <br>&#8211; El eVisa se env\u00eda por correo electr\u00f3nico una vez aprobado. <br>&#8211; Las duraciones de validez m\u00e1s comunes son 30 d\u00edas, 90 d\u00edas o 180 d\u00edas, seg\u00fan el tipo de visado elegido.<\/p>\t\t\t\t\t\t\t\t<\/div>\n\t\t\t\t<\/div>\n\t\t\t\t<\/div>\n\t\t<div class=\"elementor-element elementor-element-e62a8a7 e-con-full e-flex e-con e-child\" data-id=\"e62a8a7\" data-element_type=\"container\" data-e-type=\"container\">\n\t\t\t\t<div class=\"elementor-element elementor-element-de0b8f9 elementor-widget elementor-widget-image\" data-id=\"de0b8f9\" data-element_type=\"widget\" data-e-type=\"widget\" data-widget_type=\"image.default\">\n\t\t\t\t<div class=\"elementor-widget-container\">\n\t\t\t\t\t\t\t\t\t\t\t\t\t\t\t<img decoding=\"async\" width=\"1024\" height=\"538\" src=\"https:\/\/djosstourevent.com\/wp-content\/uploads\/2025\/10\/e-visa-4101787778-1024x538.png\" class=\"attachment-large size-large wp-image-1079\" alt=\"e-visapass\" srcset=\"https:\/\/djosstourevent.com\/wp-content\/uploads\/2025\/10\/e-visa-4101787778-1024x538.png 1024w, https:\/\/djosstourevent.com\/wp-content\/uploads\/2025\/10\/e-visa-4101787778-300x158.png 300w, https:\/\/djosstourevent.com\/wp-content\/uploads\/2025\/10\/e-visa-4101787778-768x403.png 768w, https:\/\/djosstourevent.com\/wp-content\/uploads\/2025\/10\/e-visa-4101787778-1536x806.png 1536w, https:\/\/djosstourevent.com\/wp-content\/uploads\/2025\/10\/e-visa-4101787778-1320x693.png 1320w, https:\/\/djosstourevent.com\/wp-content\/uploads\/2025\/10\/e-visa-4101787778-600x315.png 600w, https:\/\/djosstourevent.com\/wp-content\/uploads\/2025\/10\/e-visa-4101787778.png 1600w\" sizes=\"(max-width: 1024px) 100vw, 1024px\" \/>\t\t\t\t\t\t\t\t\t\t\t\t\t\t\t<\/div>\n\t\t\t\t<\/div>\n\t\t\t\t<div class=\"elementor-element elementor-element-94eca27 elementor-widget elementor-widget-text-editor\" data-id=\"94eca27\" data-element_type=\"widget\" data-e-type=\"widget\" data-widget_type=\"text-editor.default\">\n\t\t\t\t<div class=\"elementor-widget-container\">\n\t\t\t\t\t\t\t\t\t<p>El pasaporte debe ser v\u00e1lido al menos 6 meses despu\u00e9s de la fecha de entrada en Ben\u00edn.<br>El eVisa debe imprimirse o conservarse en formato digital para presentarlo a la llegada al aeropuerto o en la frontera.<br>Aseg\u00farese de que la informaci\u00f3n introducida coincide exactamente con la que figura en su pasaporte.<\/p>\n<p>En Djosstour Event Sarl, nuestro objetivo es informarle y acompa\u00f1arle en la preparaci\u00f3n tranquila de su viaje, para que pueda vivir \u201cLa experiencia de \u00c1frica\u201d.<\/p><p>Nos encargamos de todo el proceso de visado hasta su obtenci\u00f3n. Todo lo que tiene que hacer es reservar un paquete. <\/p>\t\t\t\t\t\t\t\t<\/div>\n\t\t\t\t<\/div>\n\t\t\t\t<\/div>\n\t\t\t\t\t<\/div>\n\t\t\t\t<\/div>\n\t\t<div class=\"elementor-element elementor-element-a7e8488 e-flex e-con-boxed e-con e-parent\" data-id=\"a7e8488\" data-element_type=\"container\" data-e-type=\"container\">\n\t\t\t\t\t<div class=\"e-con-inner\">\n\t\t\t\t\t<\/div>\n\t\t\t\t<\/div>\n\t\t\t\t<\/div>\n\t\t","protected":false},"excerpt":{"rendered":"<p>El e-visado BENIN es un visado electr\u00f3nico que permite a los viajeros entrar en el territorio benin\u00e9s para estancias tur\u00edsticas, de negocios o de tr\u00e1nsito.Sencillo, r\u00e1pido y completamente en l\u00ednea, sustituye la solicitud de visado tradicional en la embajada.Gracias a este procedimiento digitalizado, puede obtener su autorizaci\u00f3n de viaje sin necesidad de desplazarse, en tan [&hellip;]<\/p>\n","protected":false},"author":1,"featured_media":1079,"parent":0,"menu_order":0,"comment_status":"closed","ping_status":"closed","template":"","meta":{"site-sidebar-layout":"no-sidebar","site-content-layout":"page-builder","ast-site-content-layout":"full-width-container","site-content-style":"default","site-sidebar-style":"default","ast-global-header-display":"","ast-banner-title-visibility":"","ast-main-header-display":"","ast-hfb-above-header-display":"","ast-hfb-below-header-display":"","ast-hfb-mobile-header-display":"","site-post-title":"","ast-breadcrumbs-content":"","ast-featured-img":"disabled","footer-sml-layout":"","ast-disable-related-posts":"","theme-transparent-header-meta":"","adv-header-id-meta":"","stick-header-meta":"","header-above-stick-meta":"","header-main-stick-meta":"","header-below-stick-meta":"","astra-migrate-meta-layouts":"default","ast-page-background-enabled":"default","ast-page-background-meta":{"desktop":{"background-color":"","background-image":"","background-repeat":"repeat","background-position":"center center","background-size":"auto","background-attachment":"scroll","background-type":"","background-media":"","overlay-type":"","overlay-color":"","overlay-opacity":"","overlay-gradient":""},"tablet":{"background-color":"","background-image":"","background-repeat":"repeat","background-position":"center center","background-size":"auto","background-attachment":"scroll","background-type":"","background-media":"","overlay-type":"","overlay-color":"","overlay-opacity":"","overlay-gradient":""},"mobile":{"background-color":"","background-image":"","background-repeat":"repeat","background-position":"center center","background-size":"auto","background-attachment":"scroll","background-type":"","background-media":"","overlay-type":"","overlay-color":"","overlay-opacity":"","overlay-gradient":""}},"ast-content-background-meta":{"desktop":{"background-color":"var(--ast-global-color-5)","background-image":"","background-repeat":"repeat","background-position":"center center","background-size":"auto","background-attachment":"scroll","background-type":"","background-media":"","overlay-type":"","overlay-color":"","overlay-opacity":"","overlay-gradient":""},"tablet":{"background-color":"var(--ast-global-color-5)","background-image":"","background-repeat":"repeat","background-position":"center center","background-size":"auto","background-attachment":"scroll","background-type":"","background-media":"","overlay-type":"","overlay-color":"","overlay-opacity":"","overlay-gradient":""},"mobile":{"background-color":"var(--ast-global-color-5)","background-image":"","background-repeat":"repeat","background-position":"center center","background-size":"auto","background-attachment":"scroll","background-type":"","background-media":"","overlay-type":"","overlay-color":"","overlay-opacity":"","overlay-gradient":""}},"footnotes":""},"class_list":["post-1077","page","type-page","status-publish","has-post-thumbnail","hentry"],"yoast_head":"<!-- This site is optimized with the Yoast SEO plugin v27.4 - https:\/\/yoast.com\/product\/yoast-seo-wordpress\/ -->\n<title>E-VISA BENIN - Djosstour Event Turismo<\/title>\n<meta name=\"description\" content=\"El e-visado BENIN es un visado electr\u00f3nico que permite a los viajeros entrar en el territorio benin\u00e9s para estancias tur\u00edsticas, de negocios o de\" \/>\n<meta name=\"robots\" content=\"index, follow, max-snippet:-1, max-image-preview:large, max-video-preview:-1\" \/>\n<link rel=\"canonical\" href=\"https:\/\/djosstourevent.com\/es\/e-visa-benin\/\" \/>\n<meta property=\"og:locale\" content=\"es_ES\" \/>\n<meta property=\"og:type\" content=\"article\" \/>\n<meta property=\"og:title\" content=\"E-VISA BENIN - Djosstour Event Turismo\" \/>\n<meta property=\"og:description\" content=\"El e-visado BENIN es un visado electr\u00f3nico que permite a los viajeros entrar en el territorio benin\u00e9s para estancias tur\u00edsticas, de negocios o de\" \/>\n<meta property=\"og:url\" content=\"https:\/\/djosstourevent.com\/es\/e-visa-benin\/\" \/>\n<meta property=\"og:site_name\" content=\"DJOSSTOUR EVENT\" \/>\n<meta property=\"article:publisher\" content=\"https:\/\/www.facebook.com\/profile.php?id=61582422941550&amp;mibextid=wwXIfr&amp;rdid=k4tyv6bTb7itgLbI&amp;share_url=httpswww.facebook.comshare1FeTdsxMuzmibextidwwXIfr#\" \/>\n<meta property=\"article:modified_time\" content=\"2026-03-22T04:23:45+00:00\" \/>\n<meta property=\"og:image\" content=\"https:\/\/djosstourevent.com\/wp-content\/uploads\/2025\/10\/e-visa-4101787778-1024x538.png\" \/>\n<meta name=\"twitter:card\" content=\"summary_large_image\" \/>\n<meta name=\"twitter:title\" content=\"E-VISA BENIN - Djosstour Event Turismo\" \/>\n<meta name=\"twitter:description\" content=\"El e-visado BENIN es un visado electr\u00f3nico que permite a los viajeros entrar en el territorio benin\u00e9s para estancias tur\u00edsticas, de negocios o de\" \/>\n<meta name=\"twitter:image\" content=\"https:\/\/djosstourevent.com\/wp-content\/uploads\/2025\/10\/e-visa-4101787778-1024x538.png\" \/>\n<meta name=\"twitter:site\" content=\"@djosstour_event\" \/>\n<meta name=\"twitter:label1\" content=\"Tiempo de lectura\" \/>\n\t<meta name=\"twitter:data1\" content=\"1 minuto\" \/>\n<script type=\"application\/ld+json\" class=\"yoast-schema-graph\">{\"@context\":\"https:\\\/\\\/schema.org\",\"@graph\":[{\"@type\":\"WebPage\",\"@id\":\"https:\\\/\\\/djosstourevent.com\\\/es\\\/e-visa-benin\\\/\",\"url\":\"https:\\\/\\\/djosstourevent.com\\\/es\\\/e-visa-benin\\\/\",\"name\":\"E-VISA BENIN - Djosstour Event Turismo\",\"isPartOf\":{\"@id\":\"https:\\\/\\\/djosstourevent.com\\\/es\\\/#website\"},\"primaryImageOfPage\":{\"@id\":\"https:\\\/\\\/djosstourevent.com\\\/es\\\/e-visa-benin\\\/#primaryimage\"},\"image\":{\"@id\":\"https:\\\/\\\/djosstourevent.com\\\/es\\\/e-visa-benin\\\/#primaryimage\"},\"thumbnailUrl\":\"https:\\\/\\\/djosstourevent.com\\\/wp-content\\\/uploads\\\/2025\\\/10\\\/e-visa-4101787778.png\",\"datePublished\":\"2025-10-29T16:13:31+00:00\",\"dateModified\":\"2026-03-22T04:23:45+00:00\",\"description\":\"El e-visado BENIN es un visado electr\u00f3nico que permite a los viajeros entrar en el territorio benin\u00e9s para estancias tur\u00edsticas, de negocios o de\",\"breadcrumb\":{\"@id\":\"https:\\\/\\\/djosstourevent.com\\\/es\\\/e-visa-benin\\\/#breadcrumb\"},\"inLanguage\":\"es\",\"potentialAction\":[{\"@type\":\"ReadAction\",\"target\":[\"https:\\\/\\\/djosstourevent.com\\\/es\\\/e-visa-benin\\\/\"]}]},{\"@type\":\"ImageObject\",\"inLanguage\":\"es\",\"@id\":\"https:\\\/\\\/djosstourevent.com\\\/es\\\/e-visa-benin\\\/#primaryimage\",\"url\":\"https:\\\/\\\/djosstourevent.com\\\/wp-content\\\/uploads\\\/2025\\\/10\\\/e-visa-4101787778.png\",\"contentUrl\":\"https:\\\/\\\/djosstourevent.com\\\/wp-content\\\/uploads\\\/2025\\\/10\\\/e-visa-4101787778.png\",\"width\":1600,\"height\":840,\"caption\":\"e-visapass\"},{\"@type\":\"BreadcrumbList\",\"@id\":\"https:\\\/\\\/djosstourevent.com\\\/es\\\/e-visa-benin\\\/#breadcrumb\",\"itemListElement\":[{\"@type\":\"ListItem\",\"position\":1,\"name\":\"Home\",\"item\":\"https:\\\/\\\/djosstourevent.com\\\/es\\\/inicio\\\/\"},{\"@type\":\"ListItem\",\"position\":2,\"name\":\"E-visa BENIN\"}]},{\"@type\":\"WebSite\",\"@id\":\"https:\\\/\\\/djosstourevent.com\\\/es\\\/#website\",\"url\":\"https:\\\/\\\/djosstourevent.com\\\/es\\\/\",\"name\":\"Djosstour Event\",\"description\":\"Vivez L\u2019Afrique, Une Exp\u00e9rience Touristique Authentique\",\"publisher\":{\"@id\":\"https:\\\/\\\/djosstourevent.com\\\/es\\\/#organization\"},\"alternateName\":\"Djosstour Event\",\"potentialAction\":[{\"@type\":\"SearchAction\",\"target\":{\"@type\":\"EntryPoint\",\"urlTemplate\":\"https:\\\/\\\/djosstourevent.com\\\/es\\\/?s={search_term_string}\"},\"query-input\":{\"@type\":\"PropertyValueSpecification\",\"valueRequired\":true,\"valueName\":\"search_term_string\"}}],\"inLanguage\":\"es\"},{\"@type\":\"Organization\",\"@id\":\"https:\\\/\\\/djosstourevent.com\\\/es\\\/#organization\",\"name\":\"Djosstour Event Tourism\",\"alternateName\":\"Djosstour Event\",\"url\":\"https:\\\/\\\/djosstourevent.com\\\/es\\\/\",\"logo\":{\"@type\":\"ImageObject\",\"inLanguage\":\"es\",\"@id\":\"https:\\\/\\\/djosstourevent.com\\\/es\\\/#\\\/schema\\\/logo\\\/image\\\/\",\"url\":\"https:\\\/\\\/djosstourevent.com\\\/wp-content\\\/uploads\\\/2025\\\/10\\\/logo-1.jpeg\",\"contentUrl\":\"https:\\\/\\\/djosstourevent.com\\\/wp-content\\\/uploads\\\/2025\\\/10\\\/logo-1.jpeg\",\"width\":640,\"height\":640,\"caption\":\"Djosstour Event Tourism\"},\"image\":{\"@id\":\"https:\\\/\\\/djosstourevent.com\\\/es\\\/#\\\/schema\\\/logo\\\/image\\\/\"},\"sameAs\":[\"https:\\\/\\\/www.facebook.com\\\/profile.php?id=61582422941550&mibextid=wwXIfr&rdid=k4tyv6bTb7itgLbI&share_url=httpswww.facebook.comshare1FeTdsxMuzmibextidwwXIfr#\",\"https:\\\/\\\/x.com\\\/djosstour_event\",\"https:\\\/\\\/www.instagram.com\\\/djosstour_event_sarl?igsh=M3dkbmp1ZGZ3YzQy&utm_source=qr\",\"https:\\\/\\\/www.tiktok.com\\\/@djosstour.event.s?_t=ZN-90xq1sSNwqE&_r=1\"]}]}<\/script>\n<!-- \/ Yoast SEO plugin. -->","yoast_head_json":{"title":"E-VISA BENIN - Djosstour Event Turismo","description":"El e-visado BENIN es un visado electr\u00f3nico que permite a los viajeros entrar en el territorio benin\u00e9s para estancias tur\u00edsticas, de negocios o de","robots":{"index":"index","follow":"follow","max-snippet":"max-snippet:-1","max-image-preview":"max-image-preview:large","max-video-preview":"max-video-preview:-1"},"canonical":"https:\/\/djosstourevent.com\/es\/e-visa-benin\/","og_locale":"es_ES","og_type":"article","og_title":"E-VISA BENIN - Djosstour Event Turismo","og_description":"El e-visado BENIN es un visado electr\u00f3nico que permite a los viajeros entrar en el territorio benin\u00e9s para estancias tur\u00edsticas, de negocios o de","og_url":"https:\/\/djosstourevent.com\/es\/e-visa-benin\/","og_site_name":"DJOSSTOUR EVENT","article_publisher":"https:\/\/www.facebook.com\/profile.php?id=61582422941550&mibextid=wwXIfr&rdid=k4tyv6bTb7itgLbI&share_url=httpswww.facebook.comshare1FeTdsxMuzmibextidwwXIfr#","article_modified_time":"2026-03-22T04:23:45+00:00","og_image":[{"url":"https:\/\/djosstourevent.com\/wp-content\/uploads\/2025\/10\/e-visa-4101787778-1024x538.png","type":"","width":"","height":""}],"twitter_card":"summary_large_image","twitter_title":"E-VISA BENIN - Djosstour Event Turismo","twitter_description":"El e-visado BENIN es un visado electr\u00f3nico que permite a los viajeros entrar en el territorio benin\u00e9s para estancias tur\u00edsticas, de negocios o de","twitter_image":"https:\/\/djosstourevent.com\/wp-content\/uploads\/2025\/10\/e-visa-4101787778-1024x538.png","twitter_site":"@djosstour_event","twitter_misc":{"Tiempo de lectura":"1 minuto"},"schema":{"@context":"https:\/\/schema.org","@graph":[{"@type":"WebPage","@id":"https:\/\/djosstourevent.com\/es\/e-visa-benin\/","url":"https:\/\/djosstourevent.com\/es\/e-visa-benin\/","name":"E-VISA BENIN - Djosstour Event Turismo","isPartOf":{"@id":"https:\/\/djosstourevent.com\/es\/#website"},"primaryImageOfPage":{"@id":"https:\/\/djosstourevent.com\/es\/e-visa-benin\/#primaryimage"},"image":{"@id":"https:\/\/djosstourevent.com\/es\/e-visa-benin\/#primaryimage"},"thumbnailUrl":"https:\/\/djosstourevent.com\/wp-content\/uploads\/2025\/10\/e-visa-4101787778.png","datePublished":"2025-10-29T16:13:31+00:00","dateModified":"2026-03-22T04:23:45+00:00","description":"El e-visado BENIN es un visado electr\u00f3nico que permite a los viajeros entrar en el territorio benin\u00e9s para estancias tur\u00edsticas, de negocios o de","breadcrumb":{"@id":"https:\/\/djosstourevent.com\/es\/e-visa-benin\/#breadcrumb"},"inLanguage":"es","potentialAction":[{"@type":"ReadAction","target":["https:\/\/djosstourevent.com\/es\/e-visa-benin\/"]}]},{"@type":"ImageObject","inLanguage":"es","@id":"https:\/\/djosstourevent.com\/es\/e-visa-benin\/#primaryimage","url":"https:\/\/djosstourevent.com\/wp-content\/uploads\/2025\/10\/e-visa-4101787778.png","contentUrl":"https:\/\/djosstourevent.com\/wp-content\/uploads\/2025\/10\/e-visa-4101787778.png","width":1600,"height":840,"caption":"e-visapass"},{"@type":"BreadcrumbList","@id":"https:\/\/djosstourevent.com\/es\/e-visa-benin\/#breadcrumb","itemListElement":[{"@type":"ListItem","position":1,"name":"Home","item":"https:\/\/djosstourevent.com\/es\/inicio\/"},{"@type":"ListItem","position":2,"name":"E-visa BENIN"}]},{"@type":"WebSite","@id":"https:\/\/djosstourevent.com\/es\/#website","url":"https:\/\/djosstourevent.com\/es\/","name":"Djosstour Event","description":"Vivez L\u2019Afrique, Une Exp\u00e9rience Touristique Authentique","publisher":{"@id":"https:\/\/djosstourevent.com\/es\/#organization"},"alternateName":"Djosstour Event","potentialAction":[{"@type":"SearchAction","target":{"@type":"EntryPoint","urlTemplate":"https:\/\/djosstourevent.com\/es\/?s={search_term_string}"},"query-input":{"@type":"PropertyValueSpecification","valueRequired":true,"valueName":"search_term_string"}}],"inLanguage":"es"},{"@type":"Organization","@id":"https:\/\/djosstourevent.com\/es\/#organization","name":"Djosstour Event Tourism","alternateName":"Djosstour Event","url":"https:\/\/djosstourevent.com\/es\/","logo":{"@type":"ImageObject","inLanguage":"es","@id":"https:\/\/djosstourevent.com\/es\/#\/schema\/logo\/image\/","url":"https:\/\/djosstourevent.com\/wp-content\/uploads\/2025\/10\/logo-1.jpeg","contentUrl":"https:\/\/djosstourevent.com\/wp-content\/uploads\/2025\/10\/logo-1.jpeg","width":640,"height":640,"caption":"Djosstour Event Tourism"},"image":{"@id":"https:\/\/djosstourevent.com\/es\/#\/schema\/logo\/image\/"},"sameAs":["https:\/\/www.facebook.com\/profile.php?id=61582422941550&mibextid=wwXIfr&rdid=k4tyv6bTb7itgLbI&share_url=httpswww.facebook.comshare1FeTdsxMuzmibextidwwXIfr#","https:\/\/x.com\/djosstour_event","https:\/\/www.instagram.com\/djosstour_event_sarl?igsh=M3dkbmp1ZGZ3YzQy&utm_source=qr","https:\/\/www.tiktok.com\/@djosstour.event.s?_t=ZN-90xq1sSNwqE&_r=1"]}]}},"jetpack_sharing_enabled":true,"_links":{"self":[{"href":"https:\/\/djosstourevent.com\/es\/wp-json\/wp\/v2\/pages\/1077","targetHints":{"allow":["GET"]}}],"collection":[{"href":"https:\/\/djosstourevent.com\/es\/wp-json\/wp\/v2\/pages"}],"about":[{"href":"https:\/\/djosstourevent.com\/es\/wp-json\/wp\/v2\/types\/page"}],"author":[{"embeddable":true,"href":"https:\/\/djosstourevent.com\/es\/wp-json\/wp\/v2\/users\/1"}],"replies":[{"embeddable":true,"href":"https:\/\/djosstourevent.com\/es\/wp-json\/wp\/v2\/comments?post=1077"}],"version-history":[{"count":0,"href":"https:\/\/djosstourevent.com\/es\/wp-json\/wp\/v2\/pages\/1077\/revisions"}],"wp:featuredmedia":[{"embeddable":true,"href":"https:\/\/djosstourevent.com\/es\/wp-json\/wp\/v2\/media\/1079"}],"wp:attachment":[{"href":"https:\/\/djosstourevent.com\/es\/wp-json\/wp\/v2\/media?parent=1077"}],"curies":[{"name":"wp","href":"https:\/\/api.w.org\/{rel}","templated":true}]}}