{"id":1002,"date":"2025-10-18T09:58:30","date_gmt":"2025-10-18T08:58:30","guid":{"rendered":"https:\/\/djosstourevent.wpenginepowered.com\/reserva\/"},"modified":"2026-02-15T15:18:33","modified_gmt":"2026-02-15T14:18:33","slug":"reserva","status":"publish","type":"page","link":"https:\/\/djosstourevent.com\/es\/reserva\/","title":{"rendered":"Reserva"},"content":{"rendered":"\t\t<div data-elementor-type=\"wp-page\" data-elementor-id=\"1002\" class=\"elementor elementor-1002 elementor-789\">\n\t\t\t\t<div class=\"elementor-element elementor-element-0259646 e-flex e-con-boxed e-con e-parent\" data-id=\"0259646\" data-element_type=\"container\" data-e-type=\"container\">\n\t\t\t\t\t<div class=\"e-con-inner\">\n\t\t<div class=\"elementor-element elementor-element-80333cb e-con-full e-flex e-con e-child\" data-id=\"80333cb\" data-element_type=\"container\" data-e-type=\"container\">\n\t\t\t\t<div class=\"elementor-element elementor-element-17de9bd elementor-widget elementor-widget-image\" data-id=\"17de9bd\" data-element_type=\"widget\" data-e-type=\"widget\" data-widget_type=\"image.default\">\n\t\t\t\t<div class=\"elementor-widget-container\">\n\t\t\t\t\t\t\t\t\t\t\t\t\t\t\t<img fetchpriority=\"high\" decoding=\"async\" width=\"474\" height=\"315\" src=\"https:\/\/djosstourevent.com\/wp-content\/uploads\/2025\/10\/reservation.jpeg\" class=\"attachment-large size-large wp-image-1003\" alt=\"\" srcset=\"https:\/\/djosstourevent.com\/wp-content\/uploads\/2025\/10\/reservation.jpeg 474w, https:\/\/djosstourevent.com\/wp-content\/uploads\/2025\/10\/reservation-300x199.jpeg 300w\" sizes=\"(max-width: 474px) 100vw, 474px\" \/>\t\t\t\t\t\t\t\t\t\t\t\t\t\t\t<\/div>\n\t\t\t\t<\/div>\n\t\t\t\t<\/div>\n\t\t<div class=\"elementor-element elementor-element-b8343c7 e-con-full e-flex e-con e-child\" data-id=\"b8343c7\" data-element_type=\"container\" data-e-type=\"container\">\n\t\t\t\t<div class=\"elementor-element elementor-element-63a5fb4 elementor-widget elementor-widget-heading\" data-id=\"63a5fb4\" data-element_type=\"widget\" data-e-type=\"widget\" data-widget_type=\"heading.default\">\n\t\t\t\t<div class=\"elementor-widget-container\">\n\t\t\t\t\t<h5 class=\"elementor-heading-title elementor-size-default\"><em data-start=\"157\" data-end=\"182\">\u00c1frica le llama\u2026<\/em> <br><br>Antes de realizar la reserva, t\u00f3mese un momento para descubrir nuestras ofertas y elegir la experiencia que har\u00e1 vibrar sus sentidos. Ya sea que planifique un viaje cultural, una excursi\u00f3n inmersiva o un evento \u00fanico, nuestro equipo se asegura de que cada detalle est\u00e9 cuidado para ofrecerle comodidad, seguridad y autenticidad. Consulte atentamente la informaci\u00f3n de reserva, verifique las disponibilidades y prepare sus preguntas para que su aventura comience desde ahora bajo los mejores auspicios. \u00a1Su experiencia africana inolvidable comienza aqu\u00ed!   <\/h5>\t\t\t\t<\/div>\n\t\t\t\t<\/div>\n\t\t\t\t<\/div>\n\t\t\t\t\t<\/div>\n\t\t\t\t<\/div>\n\t\t<div class=\"elementor-element elementor-element-3e34133 e-flex e-con-boxed e-con e-parent\" data-id=\"3e34133\" data-element_type=\"container\" data-e-type=\"container\">\n\t\t\t\t\t<div class=\"e-con-inner\">\n\t\t\t\t<div class=\"elementor-element elementor-element-edd8577 elementor-align-center elementor-widget elementor-widget-button\" data-id=\"edd8577\" data-element_type=\"widget\" data-e-type=\"widget\" data-widget_type=\"button.default\">\n\t\t\t\t<div class=\"elementor-widget-container\">\n\t\t\t\t\t\t\t\t\t<div class=\"elementor-button-wrapper\">\n\t\t\t\t\t<a class=\"elementor-button elementor-button-link elementor-size-sm\" href=\"https:\/\/djosstourevent.com\/shop\/\">\n\t\t\t\t\t\t<span class=\"elementor-button-content-wrapper\">\n\t\t\t\t\t\t\t\t\t<span class=\"elementor-button-text\">NUESTRAS OFERTAS<\/span>\n\t\t\t\t\t<\/span>\n\t\t\t\t\t<\/a>\n\t\t\t\t<\/div>\n\t\t\t\t\t\t\t\t<\/div>\n\t\t\t\t<\/div>\n\t\t\t\t\t<\/div>\n\t\t\t\t<\/div>\n\t\t\t\t<\/div>\n\t\t","protected":false},"excerpt":{"rendered":"<p>\u00c1frica le llama\u2026 Antes de realizar la reserva, t\u00f3mese un momento para descubrir nuestras ofertas y elegir la experiencia que har\u00e1 vibrar sus sentidos. Ya sea que planifique un viaje cultural, una excursi\u00f3n inmersiva o un evento \u00fanico, nuestro equipo se asegura de que cada detalle est\u00e9 cuidado para ofrecerle comodidad, seguridad y autenticidad. Consulte [&hellip;]<\/p>\n","protected":false},"author":1,"featured_media":0,"parent":0,"menu_order":0,"comment_status":"closed","ping_status":"closed","template":"","meta":{"site-sidebar-layout":"no-sidebar","site-content-layout":"page-builder","ast-site-content-layout":"full-width-container","site-content-style":"default","site-sidebar-style":"default","ast-global-header-display":"","ast-banner-title-visibility":"","ast-main-header-display":"","ast-hfb-above-header-display":"","ast-hfb-below-header-display":"","ast-hfb-mobile-header-display":"","site-post-title":"","ast-breadcrumbs-content":"","ast-featured-img":"disabled","footer-sml-layout":"","ast-disable-related-posts":"","theme-transparent-header-meta":"","adv-header-id-meta":"","stick-header-meta":"","header-above-stick-meta":"","header-main-stick-meta":"","header-below-stick-meta":"","astra-migrate-meta-layouts":"default","ast-page-background-enabled":"default","ast-page-background-meta":{"desktop":{"background-color":"","background-image":"","background-repeat":"repeat","background-position":"center center","background-size":"auto","background-attachment":"scroll","background-type":"","background-media":"","overlay-type":"","overlay-color":"","overlay-opacity":"","overlay-gradient":""},"tablet":{"background-color":"","background-image":"","background-repeat":"repeat","background-position":"center center","background-size":"auto","background-attachment":"scroll","background-type":"","background-media":"","overlay-type":"","overlay-color":"","overlay-opacity":"","overlay-gradient":""},"mobile":{"background-color":"","background-image":"","background-repeat":"repeat","background-position":"center center","background-size":"auto","background-attachment":"scroll","background-type":"","background-media":"","overlay-type":"","overlay-color":"","overlay-opacity":"","overlay-gradient":""}},"ast-content-background-meta":{"desktop":{"background-color":"var(--ast-global-color-5)","background-image":"","background-repeat":"repeat","background-position":"center center","background-size":"auto","background-attachment":"scroll","background-type":"","background-media":"","overlay-type":"","overlay-color":"","overlay-opacity":"","overlay-gradient":""},"tablet":{"background-color":"var(--ast-global-color-5)","background-image":"","background-repeat":"repeat","background-position":"center center","background-size":"auto","background-attachment":"scroll","background-type":"","background-media":"","overlay-type":"","overlay-color":"","overlay-opacity":"","overlay-gradient":""},"mobile":{"background-color":"var(--ast-global-color-5)","background-image":"","background-repeat":"repeat","background-position":"center center","background-size":"auto","background-attachment":"scroll","background-type":"","background-media":"","overlay-type":"","overlay-color":"","overlay-opacity":"","overlay-gradient":""}},"footnotes":""},"class_list":["post-1002","page","type-page","status-publish","hentry"],"yoast_head":"<!-- This site is optimized with the Yoast SEO plugin v27.4 - https:\/\/yoast.com\/product\/yoast-seo-wordpress\/ -->\n<title>Reserva - Djosstour Event Turismo<\/title>\n<meta name=\"description\" content=\"\u00c1frica le llama\u2026 Antes de realizar la reserva, t\u00f3mese un momento para descubrir nuestras ofertas y elegir la experiencia que har\u00e1 vibrar sus sentidos. Ya\" \/>\n<meta name=\"robots\" content=\"index, follow, max-snippet:-1, max-image-preview:large, max-video-preview:-1\" \/>\n<link rel=\"canonical\" href=\"https:\/\/djosstourevent.com\/es\/reserva\/\" \/>\n<meta property=\"og:locale\" content=\"es_ES\" \/>\n<meta property=\"og:type\" content=\"article\" \/>\n<meta property=\"og:title\" content=\"Reserva - Djosstour Event Turismo\" \/>\n<meta property=\"og:description\" content=\"\u00c1frica le llama\u2026 Antes de realizar la reserva, t\u00f3mese un momento para descubrir nuestras ofertas y elegir la experiencia que har\u00e1 vibrar sus sentidos. Ya\" \/>\n<meta property=\"og:url\" content=\"https:\/\/djosstourevent.com\/es\/reserva\/\" \/>\n<meta property=\"og:site_name\" content=\"DJOSSTOUR EVENT\" \/>\n<meta property=\"article:publisher\" content=\"https:\/\/www.facebook.com\/profile.php?id=61582422941550&amp;mibextid=wwXIfr&amp;rdid=k4tyv6bTb7itgLbI&amp;share_url=httpswww.facebook.comshare1FeTdsxMuzmibextidwwXIfr#\" \/>\n<meta property=\"article:modified_time\" content=\"2026-02-15T14:18:33+00:00\" \/>\n<meta property=\"og:image\" content=\"https:\/\/djosstourevent.com\/wp-content\/uploads\/2025\/10\/reservation.jpeg\" \/>\n<meta name=\"twitter:card\" content=\"summary_large_image\" \/>\n<meta name=\"twitter:title\" content=\"Reserva - Djosstour Event Turismo\" \/>\n<meta name=\"twitter:description\" content=\"\u00c1frica le llama\u2026 Antes de realizar la reserva, t\u00f3mese un momento para descubrir nuestras ofertas y elegir la experiencia que har\u00e1 vibrar sus sentidos. Ya\" \/>\n<meta name=\"twitter:image\" content=\"https:\/\/djosstourevent.com\/wp-content\/uploads\/2025\/10\/reservation.jpeg\" \/>\n<meta name=\"twitter:site\" content=\"@djosstour_event\" \/>\n<script type=\"application\/ld+json\" class=\"yoast-schema-graph\">{\"@context\":\"https:\\\/\\\/schema.org\",\"@graph\":[{\"@type\":\"WebPage\",\"@id\":\"https:\\\/\\\/djosstourevent.com\\\/es\\\/reserva\\\/\",\"url\":\"https:\\\/\\\/djosstourevent.com\\\/es\\\/reserva\\\/\",\"name\":\"Reserva - Djosstour Event Turismo\",\"isPartOf\":{\"@id\":\"https:\\\/\\\/djosstourevent.com\\\/es\\\/#website\"},\"primaryImageOfPage\":{\"@id\":\"https:\\\/\\\/djosstourevent.com\\\/es\\\/reserva\\\/#primaryimage\"},\"image\":{\"@id\":\"https:\\\/\\\/djosstourevent.com\\\/es\\\/reserva\\\/#primaryimage\"},\"thumbnailUrl\":\"https:\\\/\\\/djosstourevent.com\\\/wp-content\\\/uploads\\\/2025\\\/10\\\/reservation.jpeg\",\"datePublished\":\"2025-10-18T08:58:30+00:00\",\"dateModified\":\"2026-02-15T14:18:33+00:00\",\"description\":\"\u00c1frica le llama\u2026 Antes de realizar la reserva, t\u00f3mese un momento para descubrir nuestras ofertas y elegir la experiencia que har\u00e1 vibrar sus sentidos. Ya\",\"breadcrumb\":{\"@id\":\"https:\\\/\\\/djosstourevent.com\\\/es\\\/reserva\\\/#breadcrumb\"},\"inLanguage\":\"es\",\"potentialAction\":[{\"@type\":\"ReadAction\",\"target\":[\"https:\\\/\\\/djosstourevent.com\\\/es\\\/reserva\\\/\"]}]},{\"@type\":\"ImageObject\",\"inLanguage\":\"es\",\"@id\":\"https:\\\/\\\/djosstourevent.com\\\/es\\\/reserva\\\/#primaryimage\",\"url\":\"https:\\\/\\\/djosstourevent.com\\\/wp-content\\\/uploads\\\/2025\\\/10\\\/reservation.jpeg\",\"contentUrl\":\"https:\\\/\\\/djosstourevent.com\\\/wp-content\\\/uploads\\\/2025\\\/10\\\/reservation.jpeg\"},{\"@type\":\"BreadcrumbList\",\"@id\":\"https:\\\/\\\/djosstourevent.com\\\/es\\\/reserva\\\/#breadcrumb\",\"itemListElement\":[{\"@type\":\"ListItem\",\"position\":1,\"name\":\"Home\",\"item\":\"https:\\\/\\\/djosstourevent.com\\\/es\\\/inicio\\\/\"},{\"@type\":\"ListItem\",\"position\":2,\"name\":\"Reserva\"}]},{\"@type\":\"WebSite\",\"@id\":\"https:\\\/\\\/djosstourevent.com\\\/es\\\/#website\",\"url\":\"https:\\\/\\\/djosstourevent.com\\\/es\\\/\",\"name\":\"Djosstour Event\",\"description\":\"Vivez L\u2019Afrique, Une Exp\u00e9rience Touristique Authentique\",\"publisher\":{\"@id\":\"https:\\\/\\\/djosstourevent.com\\\/es\\\/#organization\"},\"alternateName\":\"Djosstour Event\",\"potentialAction\":[{\"@type\":\"SearchAction\",\"target\":{\"@type\":\"EntryPoint\",\"urlTemplate\":\"https:\\\/\\\/djosstourevent.com\\\/es\\\/?s={search_term_string}\"},\"query-input\":{\"@type\":\"PropertyValueSpecification\",\"valueRequired\":true,\"valueName\":\"search_term_string\"}}],\"inLanguage\":\"es\"},{\"@type\":\"Organization\",\"@id\":\"https:\\\/\\\/djosstourevent.com\\\/es\\\/#organization\",\"name\":\"Djosstour Event Tourism\",\"alternateName\":\"Djosstour Event\",\"url\":\"https:\\\/\\\/djosstourevent.com\\\/es\\\/\",\"logo\":{\"@type\":\"ImageObject\",\"inLanguage\":\"es\",\"@id\":\"https:\\\/\\\/djosstourevent.com\\\/es\\\/#\\\/schema\\\/logo\\\/image\\\/\",\"url\":\"https:\\\/\\\/djosstourevent.com\\\/wp-content\\\/uploads\\\/2025\\\/10\\\/logo-1.jpeg\",\"contentUrl\":\"https:\\\/\\\/djosstourevent.com\\\/wp-content\\\/uploads\\\/2025\\\/10\\\/logo-1.jpeg\",\"width\":640,\"height\":640,\"caption\":\"Djosstour Event Tourism\"},\"image\":{\"@id\":\"https:\\\/\\\/djosstourevent.com\\\/es\\\/#\\\/schema\\\/logo\\\/image\\\/\"},\"sameAs\":[\"https:\\\/\\\/www.facebook.com\\\/profile.php?id=61582422941550&mibextid=wwXIfr&rdid=k4tyv6bTb7itgLbI&share_url=httpswww.facebook.comshare1FeTdsxMuzmibextidwwXIfr#\",\"https:\\\/\\\/x.com\\\/djosstour_event\",\"https:\\\/\\\/www.instagram.com\\\/djosstour_event_sarl?igsh=M3dkbmp1ZGZ3YzQy&utm_source=qr\",\"https:\\\/\\\/www.tiktok.com\\\/@djosstour.event.s?_t=ZN-90xq1sSNwqE&_r=1\"]}]}<\/script>\n<!-- \/ Yoast SEO plugin. -->","yoast_head_json":{"title":"Reserva - Djosstour Event Turismo","description":"\u00c1frica le llama\u2026 Antes de realizar la reserva, t\u00f3mese un momento para descubrir nuestras ofertas y elegir la experiencia que har\u00e1 vibrar sus sentidos. Ya","robots":{"index":"index","follow":"follow","max-snippet":"max-snippet:-1","max-image-preview":"max-image-preview:large","max-video-preview":"max-video-preview:-1"},"canonical":"https:\/\/djosstourevent.com\/es\/reserva\/","og_locale":"es_ES","og_type":"article","og_title":"Reserva - Djosstour Event Turismo","og_description":"\u00c1frica le llama\u2026 Antes de realizar la reserva, t\u00f3mese un momento para descubrir nuestras ofertas y elegir la experiencia que har\u00e1 vibrar sus sentidos. Ya","og_url":"https:\/\/djosstourevent.com\/es\/reserva\/","og_site_name":"DJOSSTOUR EVENT","article_publisher":"https:\/\/www.facebook.com\/profile.php?id=61582422941550&mibextid=wwXIfr&rdid=k4tyv6bTb7itgLbI&share_url=httpswww.facebook.comshare1FeTdsxMuzmibextidwwXIfr#","article_modified_time":"2026-02-15T14:18:33+00:00","og_image":[{"url":"https:\/\/djosstourevent.com\/wp-content\/uploads\/2025\/10\/reservation.jpeg","type":"","width":"","height":""}],"twitter_card":"summary_large_image","twitter_title":"Reserva - Djosstour Event Turismo","twitter_description":"\u00c1frica le llama\u2026 Antes de realizar la reserva, t\u00f3mese un momento para descubrir nuestras ofertas y elegir la experiencia que har\u00e1 vibrar sus sentidos. Ya","twitter_image":"https:\/\/djosstourevent.com\/wp-content\/uploads\/2025\/10\/reservation.jpeg","twitter_site":"@djosstour_event","schema":{"@context":"https:\/\/schema.org","@graph":[{"@type":"WebPage","@id":"https:\/\/djosstourevent.com\/es\/reserva\/","url":"https:\/\/djosstourevent.com\/es\/reserva\/","name":"Reserva - Djosstour Event Turismo","isPartOf":{"@id":"https:\/\/djosstourevent.com\/es\/#website"},"primaryImageOfPage":{"@id":"https:\/\/djosstourevent.com\/es\/reserva\/#primaryimage"},"image":{"@id":"https:\/\/djosstourevent.com\/es\/reserva\/#primaryimage"},"thumbnailUrl":"https:\/\/djosstourevent.com\/wp-content\/uploads\/2025\/10\/reservation.jpeg","datePublished":"2025-10-18T08:58:30+00:00","dateModified":"2026-02-15T14:18:33+00:00","description":"\u00c1frica le llama\u2026 Antes de realizar la reserva, t\u00f3mese un momento para descubrir nuestras ofertas y elegir la experiencia que har\u00e1 vibrar sus sentidos. Ya","breadcrumb":{"@id":"https:\/\/djosstourevent.com\/es\/reserva\/#breadcrumb"},"inLanguage":"es","potentialAction":[{"@type":"ReadAction","target":["https:\/\/djosstourevent.com\/es\/reserva\/"]}]},{"@type":"ImageObject","inLanguage":"es","@id":"https:\/\/djosstourevent.com\/es\/reserva\/#primaryimage","url":"https:\/\/djosstourevent.com\/wp-content\/uploads\/2025\/10\/reservation.jpeg","contentUrl":"https:\/\/djosstourevent.com\/wp-content\/uploads\/2025\/10\/reservation.jpeg"},{"@type":"BreadcrumbList","@id":"https:\/\/djosstourevent.com\/es\/reserva\/#breadcrumb","itemListElement":[{"@type":"ListItem","position":1,"name":"Home","item":"https:\/\/djosstourevent.com\/es\/inicio\/"},{"@type":"ListItem","position":2,"name":"Reserva"}]},{"@type":"WebSite","@id":"https:\/\/djosstourevent.com\/es\/#website","url":"https:\/\/djosstourevent.com\/es\/","name":"Djosstour Event","description":"Vivez L\u2019Afrique, Une Exp\u00e9rience Touristique Authentique","publisher":{"@id":"https:\/\/djosstourevent.com\/es\/#organization"},"alternateName":"Djosstour Event","potentialAction":[{"@type":"SearchAction","target":{"@type":"EntryPoint","urlTemplate":"https:\/\/djosstourevent.com\/es\/?s={search_term_string}"},"query-input":{"@type":"PropertyValueSpecification","valueRequired":true,"valueName":"search_term_string"}}],"inLanguage":"es"},{"@type":"Organization","@id":"https:\/\/djosstourevent.com\/es\/#organization","name":"Djosstour Event Tourism","alternateName":"Djosstour Event","url":"https:\/\/djosstourevent.com\/es\/","logo":{"@type":"ImageObject","inLanguage":"es","@id":"https:\/\/djosstourevent.com\/es\/#\/schema\/logo\/image\/","url":"https:\/\/djosstourevent.com\/wp-content\/uploads\/2025\/10\/logo-1.jpeg","contentUrl":"https:\/\/djosstourevent.com\/wp-content\/uploads\/2025\/10\/logo-1.jpeg","width":640,"height":640,"caption":"Djosstour Event Tourism"},"image":{"@id":"https:\/\/djosstourevent.com\/es\/#\/schema\/logo\/image\/"},"sameAs":["https:\/\/www.facebook.com\/profile.php?id=61582422941550&mibextid=wwXIfr&rdid=k4tyv6bTb7itgLbI&share_url=httpswww.facebook.comshare1FeTdsxMuzmibextidwwXIfr#","https:\/\/x.com\/djosstour_event","https:\/\/www.instagram.com\/djosstour_event_sarl?igsh=M3dkbmp1ZGZ3YzQy&utm_source=qr","https:\/\/www.tiktok.com\/@djosstour.event.s?_t=ZN-90xq1sSNwqE&_r=1"]}]}},"jetpack_sharing_enabled":true,"_links":{"self":[{"href":"https:\/\/djosstourevent.com\/es\/wp-json\/wp\/v2\/pages\/1002","targetHints":{"allow":["GET"]}}],"collection":[{"href":"https:\/\/djosstourevent.com\/es\/wp-json\/wp\/v2\/pages"}],"about":[{"href":"https:\/\/djosstourevent.com\/es\/wp-json\/wp\/v2\/types\/page"}],"author":[{"embeddable":true,"href":"https:\/\/djosstourevent.com\/es\/wp-json\/wp\/v2\/users\/1"}],"replies":[{"embeddable":true,"href":"https:\/\/djosstourevent.com\/es\/wp-json\/wp\/v2\/comments?post=1002"}],"version-history":[{"count":0,"href":"https:\/\/djosstourevent.com\/es\/wp-json\/wp\/v2\/pages\/1002\/revisions"}],"wp:attachment":[{"href":"https:\/\/djosstourevent.com\/es\/wp-json\/wp\/v2\/media?parent=1002"}],"curies":[{"name":"wp","href":"https:\/\/api.w.org\/{rel}","templated":true}]}}